{"id":24,"date":"2017-04-05T14:27:06","date_gmt":"2017-04-05T18:27:06","guid":{"rendered":"http:\/\/exterminationdesmonts.ca\/?page_id=24\/"},"modified":"2026-04-07T15:29:40","modified_gmt":"2026-04-07T19:29:40","slug":"profile","status":"publish","type":"page","link":"https:\/\/exterminationdesmonts.ca\/en\/profile\/","title":{"rendered":"PROFILE"},"content":{"rendered":"<div id=\"dslc-content\" class=\"dslc-content dslc-clearfix\"><div id=\"dslc-main\">\n\t\t<div  class=\"dslc-modules-section  dslc-full \" style=\"margin-bottom:41px;padding-bottom:0px;padding-top:0px;\" data-section-id=\"82db3f96ef8\">\n\t\t\t\t\n\t\t\t\t\n\t\t\t\t<div class=\"dslc-modules-section-wrapper dslc-clearfix\"><div class=\"dslc-modules-area dslc-col dslc-12-col dslc-last-col dslc-valign- \" data-size=\"12\" data-valign=\"\">\n\t\t<div id=\"dslc-module-1104f1be743\" class=\"dslc-module-front dslc-module-DSLC_Image dslc-in-viewport-check dslc-in-viewport-anim-none  dslc-col dslc-12-col dslc-last-col  dslc-module-handle-like-regular \" data-module-id=\"1104f1be743\" data-module=\"DSLC_Image\" data-dslc-module-size=\"12\" data-dslc-anim=\"none\" data-dslc-anim-delay=\"0\" data-dslc-anim-duration=\"650\"  data-dslc-anim-easing=\"ease\" data-dslc-preset=\"none\" >\n\n\t\t\t\n\t\t\t\n\t\t\t\t<div class=\"dslc-image-container\">\r\n\t\t<div class=\"dslc-image\">\r\n\r\n\t\t\t\r\n\t\t\t\t\r\n\t\t\t\t\t\t\t\t\t<img src=\"https:\/\/exterminationdesmonts.ca\/wp-content\/uploads\/2017\/04\/banner_profile.jpg\" alt=\"\" title=\"\" srcset=\"https:\/\/exterminationdesmonts.ca\/wp-content\/uploads\/2017\/04\/banner_profile.jpg 1920w, https:\/\/exterminationdesmonts.ca\/wp-content\/uploads\/2017\/04\/banner_profile-300x47.jpg 300w, https:\/\/exterminationdesmonts.ca\/wp-content\/uploads\/2017\/04\/banner_profile-768x120.jpg 768w, https:\/\/exterminationdesmonts.ca\/wp-content\/uploads\/2017\/04\/banner_profile-1024x160.jpg 1024w, https:\/\/exterminationdesmonts.ca\/wp-content\/uploads\/2017\/04\/banner_profile-680x106.jpg 680w, https:\/\/exterminationdesmonts.ca\/wp-content\/uploads\/2017\/04\/banner_profile-540x84.jpg 540w\" sizes=\"(max-width: 1920px) 100vw, 1920px\" \/>\r\n\t\t\t\t\r\n\t\t\t\t\t\t\t\t\t<\/div><!-- .dslc-image -->\r\n\t\t<\/div>\r\n\t\t\n\t\t\t\t<\/div><!-- .dslc-module -->\n\t\t<\/div><\/div><\/div>\n\t\t<div  class=\"dslc-modules-section \" style=\"margin-bottom:41px;padding-bottom:0px;padding-top:0px;\" data-section-id=\"7818333af19\">\n\t\t\t\t\n\t\t\t\t\n\t\t\t\t<div class=\"dslc-modules-section-wrapper dslc-clearfix\"><div class=\"dslc-modules-area dslc-col dslc-12-col dslc-last-col dslc-valign- \" data-size=\"12\" data-valign=\"\">\n\t\t<div id=\"dslc-module-af584fcf2e8\" class=\"dslc-module-front dslc-module-DSLC_Text_Simple dslc-in-viewport-check dslc-in-viewport-anim-none  dslc-col dslc-12-col dslc-last-col  dslc-module-handle-like-regular \" data-module-id=\"af584fcf2e8\" data-module=\"DSLC_Text_Simple\" data-dslc-module-size=\"12\" data-dslc-anim=\"none\" data-dslc-anim-delay=\"\" data-dslc-anim-duration=\"650\"  data-dslc-anim-easing=\"ease\" data-dslc-preset=\"none\" >\n\n\t\t\t\n\t\t\t\n\t\t\r\n\t\t<div class=\"dslc-text-module-content\">\r\n\t\t\t<h1>PROFILE<\/h1><p>Fond\u00e9e en 1991, la Compagnie Extermination des Monts sert sa Client\u00e8le des Basses Laurentides, de St-J\u00e9r\u00f4me \u00e0 Mont-Tremblant et de Wentworth Nord\/ Lac des 16 \u00celes \u00e0 St-Donat.\u00a0Un vaste territoire bois\u00e9 et montagneux aux multiples lacs et rivi\u00e8res. Le paradis pour les amoureux de la nature et...entour\u00e9 d'une grande vari\u00e9t\u00e9 de bestioles nuisibles. \u00a0N'ayez crainte, nous les connaissons bien et sommes \u00e0 votre service pour les remettre \u00e0 leur place c'est-\u00e0-dire dehors!<br><br>\u00c9t\u00e9 comme hiver, certains envahisseurs ne se g\u00eaneront pas pour s'installer chez vous!<br><br>C'est le cas des fourmis charpenti\u00e8res, les fourmis des chants, les perce-oreilles, les mouches (poll\u00e9nie du lombric), les gu\u00eapes, les souris et bien d'autres....!<\/p><h1>Notre Personnel<\/h1><p><br>Le personnel d'Extermination des Monts est form\u00e9 et anim\u00e9 d'une volont\u00e9 d'aider une Client\u00e8le parfois d\u00e9pourvue et inqui\u00e8te. \u00a0Son soutien technique est d\u00e8s plus professionnel, comp\u00e9tent et \u00e0 l'\u00e9coute du Client.<br><br>Tous les techniciens sont exp\u00e9riment\u00e9s et certifi\u00e9s du Minist\u00e8re du D\u00e9veloppement Durable et de l'Environnement.<br> <br><strong>Pour nous rejoindre t\u00e9l\u00e9phonez au 450.227.0997 ou 819.774.0854 ou sans frais le 1.888.398.3722<\/strong><\/p>\t\t<\/div>\r\n\r\n\t\t\n\t\t\t\t<\/div><!-- .dslc-module -->\n\t\t<\/div><\/div><\/div>\n\t\t<div  class=\"dslc-modules-section \" style=\"margin-bottom:41px;padding-bottom:0px;padding-top:0px;\" data-section-id=\"5231cd6157e\">\n\t\t\t\t\n\t\t\t\t\n\t\t\t\t<div class=\"dslc-modules-section-wrapper dslc-clearfix\"><div class=\"dslc-modules-area dslc-col dslc-12-col dslc-last-col dslc-valign- \" data-size=\"12\" data-valign=\"\">\n\t\t<div id=\"dslc-module-c4c9a028955\" class=\"dslc-module-front dslc-module-DSLC_Image dslc-in-viewport-check dslc-in-viewport-anim-none  dslc-col dslc-12-col dslc-last-col  dslc-module-handle-like-regular \" data-module-id=\"c4c9a028955\" data-module=\"DSLC_Image\" data-dslc-module-size=\"12\" data-dslc-anim=\"none\" data-dslc-anim-delay=\"0\" data-dslc-anim-duration=\"650\"  data-dslc-anim-easing=\"ease\" data-dslc-preset=\"none\" >\n\n\t\t\t\n\t\t\t\n\t\t\t\t<div class=\"dslc-image-container\">\r\n\t\t<div class=\"dslc-image\">\r\n\r\n\t\t\t\r\n\t\t\t\t\r\n\t\t\t\t\t\t\t\t\t<a class=\"\" href=\"http:\/\/exterminationwestisland.com\/en\/\" target=\"_blank\"  >\r\n\t\t\t\t\t\t\t\t\t<img src=\"https:\/\/exterminationdesmonts.ca\/wp-content\/uploads\/2017\/04\/accreditations.jpg\" alt=\"\" title=\"\" srcset=\"https:\/\/exterminationdesmonts.ca\/wp-content\/uploads\/2017\/04\/accreditations.jpg 917w, https:\/\/exterminationdesmonts.ca\/wp-content\/uploads\/2017\/04\/accreditations-300x52.jpg 300w, https:\/\/exterminationdesmonts.ca\/wp-content\/uploads\/2017\/04\/accreditations-768x134.jpg 768w, https:\/\/exterminationdesmonts.ca\/wp-content\/uploads\/2017\/04\/accreditations-680x119.jpg 680w, https:\/\/exterminationdesmonts.ca\/wp-content\/uploads\/2017\/04\/accreditations-540x94.jpg 540w\" sizes=\"(max-width: 917px) 100vw, 917px\" \/>\r\n\t\t\t\t\t\t\t\t\t<\/a>\r\n\t\t\t\t\r\n\t\t\t\t\t\t\t\t\t<\/div><!-- .dslc-image -->\r\n\t\t<\/div>\r\n\t\t\n\t\t\t\t<\/div><!-- .dslc-module -->\n\t\t<\/div><\/div><\/div>\n\t\t<div  class=\"dslc-modules-section \" style=\"margin-bottom:41px;padding-bottom:0px;padding-top:0px;\" data-section-id=\"9rb3m5jn59\">\n\t\t\t\t\n\t\t\t\t\n\t\t\t\t<div class=\"dslc-modules-section-wrapper dslc-clearfix\"><div class=\"dslc-modules-area dslc-col dslc-12-col dslc-last-col dslc-valign- \" data-size=\"12\" data-valign=\"\">\n\t\t<div id=\"dslc-module-im97h2dbr0o\" class=\"dslc-module-front dslc-module-DSLC_Image dslc-in-viewport-check dslc-in-viewport-anim-none  dslc-col dslc-12-col dslc-last-col  dslc-module-handle-like-regular \" data-module-id=\"im97h2dbr0o\" data-module=\"DSLC_Image\" data-dslc-module-size=\"12\" data-dslc-anim=\"none\" data-dslc-anim-delay=\"0\" data-dslc-anim-duration=\"650\"  data-dslc-anim-easing=\"ease\" data-dslc-preset=\"none\" >\n\n\t\t\t\n\t\t\t\n\t\t\t\t<div class=\"dslc-image-container\">\r\n\t\t<div class=\"dslc-image\">\r\n\r\n\t\t\t\r\n\t\t\t\t\r\n\t\t\t\t\t\t\t\t\t<a class=\"\" href=\"http:\/\/exterminationwestisland.com\/en\/\" target=\"_blank\"  >\r\n\t\t\t\t\t\t\t\t\t<img src=\"https:\/\/exterminationdesmonts.ca\/wp-content\/uploads\/2017\/04\/banner_logos.jpg\" alt=\"\" title=\"\" srcset=\"https:\/\/exterminationdesmonts.ca\/wp-content\/uploads\/2017\/04\/banner_logos.jpg 917w, https:\/\/exterminationdesmonts.ca\/wp-content\/uploads\/2017\/04\/banner_logos-300x52.jpg 300w, https:\/\/exterminationdesmonts.ca\/wp-content\/uploads\/2017\/04\/banner_logos-768x134.jpg 768w, https:\/\/exterminationdesmonts.ca\/wp-content\/uploads\/2017\/04\/banner_logos-680x119.jpg 680w, https:\/\/exterminationdesmonts.ca\/wp-content\/uploads\/2017\/04\/banner_logos-540x94.jpg 540w\" sizes=\"(max-width: 917px) 100vw, 917px\" \/>\r\n\t\t\t\t\t\t\t\t\t<\/a>\r\n\t\t\t\t\r\n\t\t\t\t\t\t\t\t\t<\/div><!-- .dslc-image -->\r\n\t\t<\/div>\r\n\t\t\n\t\t\t\t<\/div><!-- .dslc-module -->\n\t\t<\/div><\/div><\/div><\/div><\/div>","protected":false},"excerpt":{"rendered":"<p>PROFILEFond\u00e9e en 1991, la Compagnie Extermination des Monts sert sa Client\u00e8le des Basses Laurentides, de St-J\u00e9r\u00f4me \u00e0 Mont-Tremblant et de Wentworth Nord\/ Lac des 16 \u00celes \u00e0 St-Donat.\u00a0Un vaste territoire&nbsp;[&hellip;]<\/p>\n","protected":false},"author":1,"featured_media":0,"parent":0,"menu_order":0,"comment_status":"closed","ping_status":"closed","template":"page-templates\/page_builder.php","meta":{"footnotes":""},"class_list":["post-24","page","type-page","status-publish","hentry","clearfix"],"yoast_head":"<!-- This site is optimized with the Yoast SEO plugin v26.8 - https:\/\/yoast.com\/product\/yoast-seo-wordpress\/ -->\n<title>PROFILE - Extermination Des Monts<\/title>\n<meta name=\"robots\" content=\"index, follow, max-snippet:-1, max-image-preview:large, max-video-preview:-1\" \/>\n<link rel=\"canonical\" href=\"https:\/\/exterminationdesmonts.ca\/en\/profile\/\" \/>\n<meta property=\"og:locale\" content=\"en_US\" \/>\n<meta property=\"og:type\" content=\"article\" \/>\n<meta property=\"og:title\" content=\"PROFILE - Extermination Des Monts\" \/>\n<meta property=\"og:description\" content=\"PROFILEFond\u00e9e en 1991, la Compagnie Extermination des Monts sert sa Client\u00e8le des Basses Laurentides, de St-J\u00e9r\u00f4me \u00e0 Mont-Tremblant et de Wentworth Nord\/ Lac des 16 \u00celes \u00e0 St-Donat.\u00a0Un vaste territoire&nbsp;[&hellip;]\" \/>\n<meta property=\"og:url\" content=\"https:\/\/exterminationdesmonts.ca\/en\/profile\/\" \/>\n<meta property=\"og:site_name\" content=\"Extermination Des Monts\" \/>\n<meta property=\"article:modified_time\" content=\"2026-04-07T19:29:40+00:00\" \/>\n<meta property=\"og:image\" content=\"https:\/\/exterminationdesmonts.ca\/wp-content\/uploads\/2017\/04\/banner_profile.jpg\" \/>\n<meta name=\"twitter:card\" content=\"summary_large_image\" \/>\n<meta name=\"twitter:label1\" content=\"Est. reading time\" \/>\n\t<meta name=\"twitter:data1\" content=\"1 minute\" \/>\n<script type=\"application\/ld+json\" class=\"yoast-schema-graph\">{\"@context\":\"https:\/\/schema.org\",\"@graph\":[{\"@type\":\"WebPage\",\"@id\":\"https:\/\/exterminationdesmonts.ca\/en\/profile\/\",\"url\":\"https:\/\/exterminationdesmonts.ca\/en\/profile\/\",\"name\":\"PROFILE - Extermination Des Monts\",\"isPartOf\":{\"@id\":\"https:\/\/exterminationdesmonts.ca\/en\/#website\"},\"primaryImageOfPage\":{\"@id\":\"https:\/\/exterminationdesmonts.ca\/en\/profile\/#primaryimage\"},\"image\":{\"@id\":\"https:\/\/exterminationdesmonts.ca\/en\/profile\/#primaryimage\"},\"thumbnailUrl\":\"https:\/\/exterminationdesmonts.ca\/wp-content\/uploads\/2017\/04\/banner_profile.jpg\",\"datePublished\":\"2017-04-05T18:27:06+00:00\",\"dateModified\":\"2026-04-07T19:29:40+00:00\",\"breadcrumb\":{\"@id\":\"https:\/\/exterminationdesmonts.ca\/en\/profile\/#breadcrumb\"},\"inLanguage\":\"en-US\",\"potentialAction\":[{\"@type\":\"ReadAction\",\"target\":[\"https:\/\/exterminationdesmonts.ca\/en\/profile\/\"]}]},{\"@type\":\"ImageObject\",\"inLanguage\":\"en-US\",\"@id\":\"https:\/\/exterminationdesmonts.ca\/en\/profile\/#primaryimage\",\"url\":\"https:\/\/exterminationdesmonts.ca\/wp-content\/uploads\/2017\/04\/banner_profile.jpg\",\"contentUrl\":\"https:\/\/exterminationdesmonts.ca\/wp-content\/uploads\/2017\/04\/banner_profile.jpg\"},{\"@type\":\"BreadcrumbList\",\"@id\":\"https:\/\/exterminationdesmonts.ca\/en\/profile\/#breadcrumb\",\"itemListElement\":[{\"@type\":\"ListItem\",\"position\":1,\"name\":\"Home\",\"item\":\"https:\/\/exterminationdesmonts.ca\/en\/\"},{\"@type\":\"ListItem\",\"position\":2,\"name\":\"PROFILE\"}]},{\"@type\":\"WebSite\",\"@id\":\"https:\/\/exterminationdesmonts.ca\/en\/#website\",\"url\":\"https:\/\/exterminationdesmonts.ca\/en\/\",\"name\":\"Extermination Des Monts\",\"description\":\"Extermination and Bug Control\",\"publisher\":{\"@id\":\"https:\/\/exterminationdesmonts.ca\/en\/#organization\"},\"potentialAction\":[{\"@type\":\"SearchAction\",\"target\":{\"@type\":\"EntryPoint\",\"urlTemplate\":\"https:\/\/exterminationdesmonts.ca\/en\/?s={search_term_string}\"},\"query-input\":{\"@type\":\"PropertyValueSpecification\",\"valueRequired\":true,\"valueName\":\"search_term_string\"}}],\"inLanguage\":\"en-US\"},{\"@type\":\"Organization\",\"@id\":\"https:\/\/exterminationdesmonts.ca\/en\/#organization\",\"name\":\"Extermination Des Monts\",\"url\":\"https:\/\/exterminationdesmonts.ca\/en\/\",\"logo\":{\"@type\":\"ImageObject\",\"inLanguage\":\"en-US\",\"@id\":\"https:\/\/exterminationdesmonts.ca\/en\/#\/schema\/logo\/image\/\",\"url\":\"https:\/\/exterminationdesmonts.ca\/wp-content\/uploads\/2017\/04\/top_logo.jpg\",\"contentUrl\":\"https:\/\/exterminationdesmonts.ca\/wp-content\/uploads\/2017\/04\/top_logo.jpg\",\"width\":300,\"height\":150,\"caption\":\"Extermination Des Monts\"},\"image\":{\"@id\":\"https:\/\/exterminationdesmonts.ca\/en\/#\/schema\/logo\/image\/\"}}]}<\/script>\n<!-- \/ Yoast SEO plugin. -->","yoast_head_json":{"title":"PROFILE - Extermination Des Monts","robots":{"index":"index","follow":"follow","max-snippet":"max-snippet:-1","max-image-preview":"max-image-preview:large","max-video-preview":"max-video-preview:-1"},"canonical":"https:\/\/exterminationdesmonts.ca\/en\/profile\/","og_locale":"en_US","og_type":"article","og_title":"PROFILE - Extermination Des Monts","og_description":"PROFILEFond\u00e9e en 1991, la Compagnie Extermination des Monts sert sa Client\u00e8le des Basses Laurentides, de St-J\u00e9r\u00f4me \u00e0 Mont-Tremblant et de Wentworth Nord\/ Lac des 16 \u00celes \u00e0 St-Donat.\u00a0Un vaste territoire&nbsp;[&hellip;]","og_url":"https:\/\/exterminationdesmonts.ca\/en\/profile\/","og_site_name":"Extermination Des Monts","article_modified_time":"2026-04-07T19:29:40+00:00","og_image":[{"url":"https:\/\/exterminationdesmonts.ca\/wp-content\/uploads\/2017\/04\/banner_profile.jpg","type":"","width":"","height":""}],"twitter_card":"summary_large_image","twitter_misc":{"Est. reading time":"1 minute"},"schema":{"@context":"https:\/\/schema.org","@graph":[{"@type":"WebPage","@id":"https:\/\/exterminationdesmonts.ca\/en\/profile\/","url":"https:\/\/exterminationdesmonts.ca\/en\/profile\/","name":"PROFILE - Extermination Des Monts","isPartOf":{"@id":"https:\/\/exterminationdesmonts.ca\/en\/#website"},"primaryImageOfPage":{"@id":"https:\/\/exterminationdesmonts.ca\/en\/profile\/#primaryimage"},"image":{"@id":"https:\/\/exterminationdesmonts.ca\/en\/profile\/#primaryimage"},"thumbnailUrl":"https:\/\/exterminationdesmonts.ca\/wp-content\/uploads\/2017\/04\/banner_profile.jpg","datePublished":"2017-04-05T18:27:06+00:00","dateModified":"2026-04-07T19:29:40+00:00","breadcrumb":{"@id":"https:\/\/exterminationdesmonts.ca\/en\/profile\/#breadcrumb"},"inLanguage":"en-US","potentialAction":[{"@type":"ReadAction","target":["https:\/\/exterminationdesmonts.ca\/en\/profile\/"]}]},{"@type":"ImageObject","inLanguage":"en-US","@id":"https:\/\/exterminationdesmonts.ca\/en\/profile\/#primaryimage","url":"https:\/\/exterminationdesmonts.ca\/wp-content\/uploads\/2017\/04\/banner_profile.jpg","contentUrl":"https:\/\/exterminationdesmonts.ca\/wp-content\/uploads\/2017\/04\/banner_profile.jpg"},{"@type":"BreadcrumbList","@id":"https:\/\/exterminationdesmonts.ca\/en\/profile\/#breadcrumb","itemListElement":[{"@type":"ListItem","position":1,"name":"Home","item":"https:\/\/exterminationdesmonts.ca\/en\/"},{"@type":"ListItem","position":2,"name":"PROFILE"}]},{"@type":"WebSite","@id":"https:\/\/exterminationdesmonts.ca\/en\/#website","url":"https:\/\/exterminationdesmonts.ca\/en\/","name":"Extermination Des Monts","description":"Extermination and Bug Control","publisher":{"@id":"https:\/\/exterminationdesmonts.ca\/en\/#organization"},"potentialAction":[{"@type":"SearchAction","target":{"@type":"EntryPoint","urlTemplate":"https:\/\/exterminationdesmonts.ca\/en\/?s={search_term_string}"},"query-input":{"@type":"PropertyValueSpecification","valueRequired":true,"valueName":"search_term_string"}}],"inLanguage":"en-US"},{"@type":"Organization","@id":"https:\/\/exterminationdesmonts.ca\/en\/#organization","name":"Extermination Des Monts","url":"https:\/\/exterminationdesmonts.ca\/en\/","logo":{"@type":"ImageObject","inLanguage":"en-US","@id":"https:\/\/exterminationdesmonts.ca\/en\/#\/schema\/logo\/image\/","url":"https:\/\/exterminationdesmonts.ca\/wp-content\/uploads\/2017\/04\/top_logo.jpg","contentUrl":"https:\/\/exterminationdesmonts.ca\/wp-content\/uploads\/2017\/04\/top_logo.jpg","width":300,"height":150,"caption":"Extermination Des Monts"},"image":{"@id":"https:\/\/exterminationdesmonts.ca\/en\/#\/schema\/logo\/image\/"}}]}},"_links":{"self":[{"href":"https:\/\/exterminationdesmonts.ca\/en\/wp-json\/wp\/v2\/pages\/24","targetHints":{"allow":["GET"]}}],"collection":[{"href":"https:\/\/exterminationdesmonts.ca\/en\/wp-json\/wp\/v2\/pages"}],"about":[{"href":"https:\/\/exterminationdesmonts.ca\/en\/wp-json\/wp\/v2\/types\/page"}],"author":[{"embeddable":true,"href":"https:\/\/exterminationdesmonts.ca\/en\/wp-json\/wp\/v2\/users\/1"}],"replies":[{"embeddable":true,"href":"https:\/\/exterminationdesmonts.ca\/en\/wp-json\/wp\/v2\/comments?post=24"}],"version-history":[{"count":2,"href":"https:\/\/exterminationdesmonts.ca\/en\/wp-json\/wp\/v2\/pages\/24\/revisions"}],"predecessor-version":[{"id":295,"href":"https:\/\/exterminationdesmonts.ca\/en\/wp-json\/wp\/v2\/pages\/24\/revisions\/295"}],"wp:attachment":[{"href":"https:\/\/exterminationdesmonts.ca\/en\/wp-json\/wp\/v2\/media?parent=24"}],"curies":[{"name":"wp","href":"https:\/\/api.w.org\/{rel}","templated":true}]}}