{"id":124,"date":"2020-04-14T15:19:50","date_gmt":"2020-04-14T15:19:50","guid":{"rendered":"http:\/\/exterminationdesmonts.ca\/?page_id=124\/"},"modified":"2026-04-07T15:29:40","modified_gmt":"2026-04-07T19:29:40","slug":"preparation-hivernale","status":"publish","type":"page","link":"https:\/\/exterminationdesmonts.ca\/fr\/preparation-hivernale\/","title":{"rendered":"PR\u00c9PARATION HIVERNALE"},"content":{"rendered":"<div id=\"dslc-content\" class=\"dslc-content dslc-clearfix\"><div id=\"dslc-main\">\n\t\t<div  class=\"dslc-modules-section  dslc-full \" style=\"margin-bottom:40px;padding-bottom:0px;padding-top:0px;\" data-section-id=\"027780d883d\">\n\t\t\t\t\n\t\t\t\t\n\t\t\t\t<div class=\"dslc-modules-section-wrapper dslc-clearfix\"><div class=\"dslc-modules-area dslc-col dslc-12-col dslc-last-col dslc-valign- \" data-size=\"12\" data-valign=\"\">\n\t\t<div id=\"dslc-module-a76e26f360b\" class=\"dslc-module-front dslc-module-DSLC_Image dslc-in-viewport-check dslc-in-viewport-anim-none  dslc-col dslc-12-col dslc-last-col  dslc-module-handle-like-regular \" data-module-id=\"a76e26f360b\" data-module=\"DSLC_Image\" data-dslc-module-size=\"12\" data-dslc-anim=\"none\" data-dslc-anim-delay=\"\" data-dslc-anim-duration=\"650\"  data-dslc-anim-easing=\"ease\" data-dslc-preset=\"none\" >\n\n\t\t\t\n\t\t\t\n\t\t\t\t<div class=\"dslc-image-container\">\r\n\t\t<div class=\"dslc-image\">\r\n\r\n\t\t\t\r\n\t\t\t\t\r\n\t\t\t\t\t\t\t\t\t<img src=\"https:\/\/exterminationdesmonts.ca\/wp-content\/uploads\/2020\/04\/big_banner_winterizing.jpg\" alt=\"\" title=\"\" srcset=\"https:\/\/exterminationdesmonts.ca\/wp-content\/uploads\/2020\/04\/big_banner_winterizing.jpg 1920w, https:\/\/exterminationdesmonts.ca\/wp-content\/uploads\/2020\/04\/big_banner_winterizing-300x78.jpg 300w, https:\/\/exterminationdesmonts.ca\/wp-content\/uploads\/2020\/04\/big_banner_winterizing-768x200.jpg 768w, https:\/\/exterminationdesmonts.ca\/wp-content\/uploads\/2020\/04\/big_banner_winterizing-1024x267.jpg 1024w, https:\/\/exterminationdesmonts.ca\/wp-content\/uploads\/2020\/04\/big_banner_winterizing-680x177.jpg 680w, https:\/\/exterminationdesmonts.ca\/wp-content\/uploads\/2020\/04\/big_banner_winterizing-540x141.jpg 540w\" sizes=\"(max-width: 1920px) 100vw, 1920px\" \/>\r\n\t\t\t\t\r\n\t\t\t\t\t\t\t\t\t<\/div><!-- .dslc-image -->\r\n\t\t<\/div>\r\n\t\t\n\t\t\t\t<\/div><!-- .dslc-module -->\n\t\t<\/div><\/div><\/div>\n\t\t<div  class=\"dslc-modules-section \" style=\"margin-bottom:40px;padding-bottom:0px;padding-top:0px;\" data-section-id=\"8fc1db4a404\">\n\t\t\t\t\n\t\t\t\t\n\t\t\t\t<div class=\"dslc-modules-section-wrapper dslc-clearfix\"><div class=\"dslc-modules-area dslc-col dslc-12-col dslc-last-col dslc-valign- \" data-size=\"12\" data-valign=\"\">\n\t\t<div id=\"dslc-module-a11d76e99c8\" class=\"dslc-module-front dslc-module-DSLC_Text_Simple dslc-in-viewport-check dslc-in-viewport-anim-none  dslc-col dslc-12-col dslc-last-col  dslc-module-handle-like-regular \" data-module-id=\"a11d76e99c8\" data-module=\"DSLC_Text_Simple\" data-dslc-module-size=\"12\" data-dslc-anim=\"none\" data-dslc-anim-delay=\"\" data-dslc-anim-duration=\"650\"  data-dslc-anim-easing=\"ease\" data-dslc-preset=\"none\" >\n\n\t\t\t\n\t\t\t\n\t\t\r\n\t\t<div class=\"dslc-text-module-content\">\r\n\t\t\t<h1>PR\u00c9VENTION HIVERNALE<\/h1>\t\t<\/div>\r\n\r\n\t\t\n\t\t\t\t<\/div><!-- .dslc-module -->\n\t\t<\/div><div class=\"dslc-modules-area dslc-col dslc-3-col dslc-first-col dslc-valign- \" data-size=\"3\" data-valign=\"\">\n\t\t<div id=\"dslc-module-8e4746c7e07\" class=\"dslc-module-front dslc-module-DSLC_Image dslc-in-viewport-check dslc-in-viewport-anim-none  dslc-col dslc-12-col dslc-last-col  dslc-module-handle-like-regular \" data-module-id=\"8e4746c7e07\" data-module=\"DSLC_Image\" data-dslc-module-size=\"12\" data-dslc-anim=\"none\" data-dslc-anim-delay=\"\" data-dslc-anim-duration=\"650\"  data-dslc-anim-easing=\"ease\" data-dslc-preset=\"none\" >\n\n\t\t\t\n\t\t\t\n\t\t\t\t<div class=\"dslc-image-container\">\r\n\t\t<div class=\"dslc-image\">\r\n\r\n\t\t\t\r\n\t\t\t\t\r\n\t\t\t\t\t\t\t\t\t<img src=\"https:\/\/exterminationdesmonts.ca\/wp-content\/uploads\/2020\/04\/AIRMILES_NOTAG_RGB_FR.jpg\" alt=\"\" title=\"\" srcset=\"https:\/\/exterminationdesmonts.ca\/wp-content\/uploads\/2020\/04\/AIRMILES_NOTAG_RGB_FR.jpg 600w, https:\/\/exterminationdesmonts.ca\/wp-content\/uploads\/2020\/04\/AIRMILES_NOTAG_RGB_FR-150x150.jpg 150w, https:\/\/exterminationdesmonts.ca\/wp-content\/uploads\/2020\/04\/AIRMILES_NOTAG_RGB_FR-300x300.jpg 300w, https:\/\/exterminationdesmonts.ca\/wp-content\/uploads\/2020\/04\/AIRMILES_NOTAG_RGB_FR-540x540.jpg 540w\" sizes=\"(max-width: 600px) 100vw, 600px\" \/>\r\n\t\t\t\t\r\n\t\t\t\t\t\t\t\t\t<\/div><!-- .dslc-image -->\r\n\t\t<\/div>\r\n\t\t\n\t\t\t\t<\/div><!-- .dslc-module -->\n\t\t<\/div><div class=\"dslc-modules-area dslc-col dslc-3-col  dslc-valign- \" data-size=\"3\" data-valign=\"\">\n\t\t<div id=\"dslc-module-ceb4cb21195\" class=\"dslc-module-front dslc-module-DSLC_Text_Simple dslc-in-viewport-check dslc-in-viewport-anim-none  dslc-col dslc-12-col dslc-last-col  dslc-module-handle-like-regular \" data-module-id=\"ceb4cb21195\" data-module=\"DSLC_Text_Simple\" data-dslc-module-size=\"12\" data-dslc-anim=\"none\" data-dslc-anim-delay=\"\" data-dslc-anim-duration=\"650\"  data-dslc-anim-easing=\"ease\" data-dslc-preset=\"none\" >\n\n\t\t\t\n\t\t\t\n\t\t\r\n\t\t<div class=\"dslc-text-module-content\">\r\n\t\t\t<h2 style=\"text-align: right;\">Obtenez<\/h2>\t\t<\/div>\r\n\r\n\t\t\n\t\t\t\t<\/div><!-- .dslc-module -->\n\t\t<\/div><div class=\"dslc-modules-area dslc-col dslc-3-col  dslc-valign- \" data-size=\"3\" data-valign=\"\">\n\t\t<div id=\"dslc-module-666c375f193\" class=\"dslc-module-front dslc-module-DSLC_Text_Simple dslc-in-viewport-check dslc-in-viewport-anim-none  dslc-col dslc-12-col dslc-last-col  dslc-module-handle-like-regular \" data-module-id=\"666c375f193\" data-module=\"DSLC_Text_Simple\" data-dslc-module-size=\"12\" data-dslc-anim=\"none\" data-dslc-anim-delay=\"\" data-dslc-anim-duration=\"650\"  data-dslc-anim-easing=\"ease\" data-dslc-preset=\"none\" >\n\n\t\t\t\n\t\t\t\n\t\t\r\n\t\t<div class=\"dslc-text-module-content\">\r\n\t\t\t<h2 style=\"text-align: center;\">50 milles<\/h2>\t\t<\/div>\r\n\r\n\t\t\n\t\t\t\t<\/div><!-- .dslc-module -->\n\t\t<\/div><div class=\"dslc-modules-area dslc-col dslc-12-col dslc-first-col dslc-valign- \" data-size=\"12\" data-valign=\"\">\n\t\t<div id=\"dslc-module-c7dc79cec23\" class=\"dslc-module-front dslc-module-DSLC_Text_Simple dslc-in-viewport-check dslc-in-viewport-anim-none  dslc-col dslc-12-col dslc-last-col  dslc-module-handle-like-regular \" data-module-id=\"c7dc79cec23\" data-module=\"DSLC_Text_Simple\" data-dslc-module-size=\"12\" data-dslc-anim=\"none\" data-dslc-anim-delay=\"\" data-dslc-anim-duration=\"650\"  data-dslc-anim-easing=\"ease\" data-dslc-preset=\"none\" >\n\n\t\t\t\n\t\t\t\n\t\t\r\n\t\t<div class=\"dslc-text-module-content\">\r\n\t\t\t<h4 style=\"text-align: right;\"><em>Des conditions s\u2019appliquent<\/em><\/h4>\t\t<\/div>\r\n\r\n\t\t\n\t\t\t\t<\/div><!-- .dslc-module -->\n\t\t<\/div><\/div><\/div>\n\t\t<div  class=\"dslc-modules-section \" style=\"margin-bottom:20px;padding-bottom:40px;padding-top:40px;padding-left:10%;padding-right:10%;\" data-section-id=\"ce7c764b623\">\n\t\t\t\t\n\t\t\t\t\n\t\t\t\t<div class=\"dslc-modules-section-wrapper dslc-clearfix\"><div class=\"dslc-modules-area dslc-col dslc-12-col dslc-last-col dslc-valign- \" data-size=\"12\" data-valign=\"\">\n\t\t<div id=\"dslc-module-2e4d861023c\" class=\"dslc-module-front dslc-module-DSLC_Separator dslc-in-viewport-check dslc-in-viewport-anim-none  dslc-col dslc-12-col dslc-last-col  dslc-module-handle-like-regular \" data-module-id=\"2e4d861023c\" data-module=\"DSLC_Separator\" data-dslc-module-size=\"12\" data-dslc-anim=\"none\" data-dslc-anim-delay=\"\" data-dslc-anim-duration=\"650\"  data-dslc-anim-easing=\"ease\" data-dslc-preset=\"none\" >\n\n\t\t\t\n\t\t\t\n\t\t\t\t\t<div class=\"dslc-separator-wrapper\">\r\n\t\t\t\t<div class=\"dslc-separator dslc-separator-style-solid\">\r\n\t\t\t\t\t\t\t\t\t<\/div>\r\n\t\t\t\t<div><\/div>\r\n\t\t\t<\/div><!-- .dslc-separator-wrapper -->\r\n\t\t\t\n\t\t\t\t<\/div><!-- .dslc-module -->\n\t\t<\/div><\/div><\/div>\n\t\t<div  class=\"dslc-modules-section \" style=\"margin-bottom:80px;padding-bottom:0px;padding-top:0px;\" data-section-id=\"8aba08b26a4\">\n\t\t\t\t\n\t\t\t\t\n\t\t\t\t<div class=\"dslc-modules-section-wrapper dslc-clearfix\"><div class=\"dslc-modules-area dslc-col dslc-3-col dslc-first-col dslc-valign- \" data-size=\"3\" data-valign=\"\">\n\t\t<div id=\"dslc-module-03af731d1b6\" class=\"dslc-module-front dslc-module-DSLC_Image dslc-in-viewport-check dslc-in-viewport-anim-none  dslc-col dslc-12-col dslc-last-col  dslc-module-handle-like-regular \" data-module-id=\"03af731d1b6\" data-module=\"DSLC_Image\" data-dslc-module-size=\"12\" data-dslc-anim=\"none\" data-dslc-anim-delay=\"\" data-dslc-anim-duration=\"650\"  data-dslc-anim-easing=\"ease\" data-dslc-preset=\"none\" >\n\n\t\t\t\n\t\t\t\n\t\t\t\t<div class=\"dslc-image-container\">\r\n\t\t<div class=\"dslc-image\">\r\n\r\n\t\t\t\r\n\t\t\t\t\r\n\t\t\t\t\t\t\t\t\t<img src=\"https:\/\/exterminationdesmonts.ca\/wp-content\/uploads\/2020\/04\/rats.jpg\" alt=\"\" title=\"\" srcset=\"https:\/\/exterminationdesmonts.ca\/wp-content\/uploads\/2020\/04\/rats.jpg 273w, https:\/\/exterminationdesmonts.ca\/wp-content\/uploads\/2020\/04\/rats-150x150.jpg 150w\" sizes=\"(max-width: 273px) 100vw, 273px\" \/>\r\n\t\t\t\t\r\n\t\t\t\t\t\t\t\t\t<\/div><!-- .dslc-image -->\r\n\t\t<\/div>\r\n\t\t\n\t\t\t\t<\/div><!-- .dslc-module -->\n\t\t<\/div><div class=\"dslc-modules-area dslc-col dslc-9-col dslc-last-col dslc-valign- \" data-size=\"9\" data-valign=\"\">\n\t\t<div id=\"dslc-module-e9ba80a6e2a\" class=\"dslc-module-front dslc-module-DSLC_Text_Simple dslc-in-viewport-check dslc-in-viewport-anim-none  dslc-col dslc-12-col dslc-last-col  dslc-module-handle-like-regular \" data-module-id=\"e9ba80a6e2a\" data-module=\"DSLC_Text_Simple\" data-dslc-module-size=\"12\" data-dslc-anim=\"none\" data-dslc-anim-delay=\"\" data-dslc-anim-duration=\"650\"  data-dslc-anim-easing=\"ease\" data-dslc-preset=\"none\" >\n\n\t\t\t\n\t\t\t\n\t\t\r\n\t\t<div class=\"dslc-text-module-content\">\r\n\t\t\t<p>L'arriv\u00e9e du froid signifie que vous pr\u00e9voyez peut-\u00eatre passer plus de temps \u00e0 l'int\u00e9rieur,\u00a0mais vous n'\u00eates pas les seuls \u00e0 vouloir se r\u00e9fugier chez vous afin de se prot\u00e9ger contre le\u00a0froid hivernal. \u00c0 mesure que les conditions ext\u00e9rieures changent, les insectes et les\u00a0rongeurs commencent \u00e0 chercher des endroits pour hiberner. D\u00e8s lors, votre maison peut\u00a0fournir un habitat ad\u00e9quat pour multiples insectes et rongeurs.<\/p><p>Prot\u00e9gez votre maison en cr\u00e9ant une barri\u00e8re ext\u00e9rieure en traitant autour des fen\u00eatres, des\u00a0portes, des soffites et sous le patio. Nous pla\u00e7ons \u00e9galement un r\u00e9seau de d'app\u00e2ts autour de votre maison pour corriger la population de rongeurs et traiter vos greniers afin de\u00a0maximiser votre protection!<\/p>\t\t<\/div>\r\n\r\n\t\t\n\t\t\t\t<\/div><!-- .dslc-module -->\n\t\t<\/div><\/div><\/div><\/div><\/div>","protected":false},"excerpt":{"rendered":"<p>PR\u00c9VENTION HIVERNALE Obtenez 50 milles Des conditions s\u2019appliquent L&rsquo;arriv\u00e9e du froid signifie que vous pr\u00e9voyez peut-\u00eatre passer plus de temps \u00e0 l&rsquo;int\u00e9rieur,\u00a0mais vous n&rsquo;\u00eates pas les seuls \u00e0 vouloir se&nbsp;[&hellip;]<\/p>\n","protected":false},"author":1,"featured_media":0,"parent":0,"menu_order":0,"comment_status":"closed","ping_status":"closed","template":"page-templates\/page_builder.php","meta":{"footnotes":""},"class_list":["post-124","page","type-page","status-publish","hentry","clearfix"],"yoast_head":"<!-- This site is optimized with the Yoast SEO plugin v26.8 - https:\/\/yoast.com\/product\/yoast-seo-wordpress\/ -->\n<title>PR\u00c9PARATION HIVERNALE - Extermination Des Monts<\/title>\n<meta name=\"robots\" content=\"index, follow, max-snippet:-1, max-image-preview:large, max-video-preview:-1\" \/>\n<link rel=\"canonical\" href=\"https:\/\/exterminationdesmonts.ca\/fr\/preparation-hivernale\/\" \/>\n<meta property=\"og:locale\" content=\"fr_FR\" \/>\n<meta property=\"og:type\" content=\"article\" \/>\n<meta property=\"og:title\" content=\"PR\u00c9PARATION HIVERNALE - Extermination Des Monts\" \/>\n<meta property=\"og:description\" content=\"PR\u00c9VENTION HIVERNALE Obtenez 50 milles Des conditions s\u2019appliquent L&#039;arriv\u00e9e du froid signifie que vous pr\u00e9voyez peut-\u00eatre passer plus de temps \u00e0 l&#039;int\u00e9rieur,\u00a0mais vous n&#039;\u00eates pas les seuls \u00e0 vouloir se&nbsp;[&hellip;]\" \/>\n<meta property=\"og:url\" content=\"https:\/\/exterminationdesmonts.ca\/fr\/preparation-hivernale\/\" \/>\n<meta property=\"og:site_name\" content=\"Extermination Des Monts\" \/>\n<meta property=\"article:modified_time\" content=\"2026-04-07T19:29:40+00:00\" \/>\n<meta property=\"og:image\" content=\"https:\/\/exterminationdesmonts.ca\/wp-content\/uploads\/2020\/04\/big_banner_winterizing.jpg\" \/>\n<meta name=\"twitter:card\" content=\"summary_large_image\" \/>\n<meta name=\"twitter:label1\" content=\"Dur\u00e9e de lecture estim\u00e9e\" \/>\n\t<meta name=\"twitter:data1\" content=\"1 minute\" \/>\n<script type=\"application\/ld+json\" class=\"yoast-schema-graph\">{\"@context\":\"https:\/\/schema.org\",\"@graph\":[{\"@type\":\"WebPage\",\"@id\":\"https:\/\/exterminationdesmonts.ca\/fr\/preparation-hivernale\/\",\"url\":\"https:\/\/exterminationdesmonts.ca\/fr\/preparation-hivernale\/\",\"name\":\"PR\u00c9PARATION HIVERNALE - Extermination Des Monts\",\"isPartOf\":{\"@id\":\"https:\/\/exterminationdesmonts.ca\/fr\/#website\"},\"primaryImageOfPage\":{\"@id\":\"https:\/\/exterminationdesmonts.ca\/fr\/preparation-hivernale\/#primaryimage\"},\"image\":{\"@id\":\"https:\/\/exterminationdesmonts.ca\/fr\/preparation-hivernale\/#primaryimage\"},\"thumbnailUrl\":\"https:\/\/exterminationdesmonts.ca\/wp-content\/uploads\/2020\/04\/big_banner_winterizing.jpg\",\"datePublished\":\"2020-04-14T15:19:50+00:00\",\"dateModified\":\"2026-04-07T19:29:40+00:00\",\"breadcrumb\":{\"@id\":\"https:\/\/exterminationdesmonts.ca\/fr\/preparation-hivernale\/#breadcrumb\"},\"inLanguage\":\"fr-FR\",\"potentialAction\":[{\"@type\":\"ReadAction\",\"target\":[\"https:\/\/exterminationdesmonts.ca\/fr\/preparation-hivernale\/\"]}]},{\"@type\":\"ImageObject\",\"inLanguage\":\"fr-FR\",\"@id\":\"https:\/\/exterminationdesmonts.ca\/fr\/preparation-hivernale\/#primaryimage\",\"url\":\"https:\/\/exterminationdesmonts.ca\/wp-content\/uploads\/2020\/04\/big_banner_winterizing.jpg\",\"contentUrl\":\"https:\/\/exterminationdesmonts.ca\/wp-content\/uploads\/2020\/04\/big_banner_winterizing.jpg\"},{\"@type\":\"BreadcrumbList\",\"@id\":\"https:\/\/exterminationdesmonts.ca\/fr\/preparation-hivernale\/#breadcrumb\",\"itemListElement\":[{\"@type\":\"ListItem\",\"position\":1,\"name\":\"Home\",\"item\":\"https:\/\/exterminationdesmonts.ca\/fr\/home\/\"},{\"@type\":\"ListItem\",\"position\":2,\"name\":\"PR\u00c9PARATION HIVERNALE\"}]},{\"@type\":\"WebSite\",\"@id\":\"https:\/\/exterminationdesmonts.ca\/fr\/#website\",\"url\":\"https:\/\/exterminationdesmonts.ca\/fr\/\",\"name\":\"Extermination Des Monts\",\"description\":\"Extermination and Bug Control\",\"publisher\":{\"@id\":\"https:\/\/exterminationdesmonts.ca\/fr\/#organization\"},\"potentialAction\":[{\"@type\":\"SearchAction\",\"target\":{\"@type\":\"EntryPoint\",\"urlTemplate\":\"https:\/\/exterminationdesmonts.ca\/fr\/?s={search_term_string}\"},\"query-input\":{\"@type\":\"PropertyValueSpecification\",\"valueRequired\":true,\"valueName\":\"search_term_string\"}}],\"inLanguage\":\"fr-FR\"},{\"@type\":\"Organization\",\"@id\":\"https:\/\/exterminationdesmonts.ca\/fr\/#organization\",\"name\":\"Extermination Des Monts\",\"url\":\"https:\/\/exterminationdesmonts.ca\/fr\/\",\"logo\":{\"@type\":\"ImageObject\",\"inLanguage\":\"fr-FR\",\"@id\":\"https:\/\/exterminationdesmonts.ca\/fr\/#\/schema\/logo\/image\/\",\"url\":\"https:\/\/exterminationdesmonts.ca\/wp-content\/uploads\/2017\/04\/top_logo.jpg\",\"contentUrl\":\"https:\/\/exterminationdesmonts.ca\/wp-content\/uploads\/2017\/04\/top_logo.jpg\",\"width\":300,\"height\":150,\"caption\":\"Extermination Des Monts\"},\"image\":{\"@id\":\"https:\/\/exterminationdesmonts.ca\/fr\/#\/schema\/logo\/image\/\"}}]}<\/script>\n<!-- \/ Yoast SEO plugin. -->","yoast_head_json":{"title":"PR\u00c9PARATION HIVERNALE - Extermination Des Monts","robots":{"index":"index","follow":"follow","max-snippet":"max-snippet:-1","max-image-preview":"max-image-preview:large","max-video-preview":"max-video-preview:-1"},"canonical":"https:\/\/exterminationdesmonts.ca\/fr\/preparation-hivernale\/","og_locale":"fr_FR","og_type":"article","og_title":"PR\u00c9PARATION HIVERNALE - Extermination Des Monts","og_description":"PR\u00c9VENTION HIVERNALE Obtenez 50 milles Des conditions s\u2019appliquent L'arriv\u00e9e du froid signifie que vous pr\u00e9voyez peut-\u00eatre passer plus de temps \u00e0 l'int\u00e9rieur,\u00a0mais vous n'\u00eates pas les seuls \u00e0 vouloir se&nbsp;[&hellip;]","og_url":"https:\/\/exterminationdesmonts.ca\/fr\/preparation-hivernale\/","og_site_name":"Extermination Des Monts","article_modified_time":"2026-04-07T19:29:40+00:00","og_image":[{"url":"https:\/\/exterminationdesmonts.ca\/wp-content\/uploads\/2020\/04\/big_banner_winterizing.jpg","type":"","width":"","height":""}],"twitter_card":"summary_large_image","twitter_misc":{"Dur\u00e9e de lecture estim\u00e9e":"1 minute"},"schema":{"@context":"https:\/\/schema.org","@graph":[{"@type":"WebPage","@id":"https:\/\/exterminationdesmonts.ca\/fr\/preparation-hivernale\/","url":"https:\/\/exterminationdesmonts.ca\/fr\/preparation-hivernale\/","name":"PR\u00c9PARATION HIVERNALE - Extermination Des Monts","isPartOf":{"@id":"https:\/\/exterminationdesmonts.ca\/fr\/#website"},"primaryImageOfPage":{"@id":"https:\/\/exterminationdesmonts.ca\/fr\/preparation-hivernale\/#primaryimage"},"image":{"@id":"https:\/\/exterminationdesmonts.ca\/fr\/preparation-hivernale\/#primaryimage"},"thumbnailUrl":"https:\/\/exterminationdesmonts.ca\/wp-content\/uploads\/2020\/04\/big_banner_winterizing.jpg","datePublished":"2020-04-14T15:19:50+00:00","dateModified":"2026-04-07T19:29:40+00:00","breadcrumb":{"@id":"https:\/\/exterminationdesmonts.ca\/fr\/preparation-hivernale\/#breadcrumb"},"inLanguage":"fr-FR","potentialAction":[{"@type":"ReadAction","target":["https:\/\/exterminationdesmonts.ca\/fr\/preparation-hivernale\/"]}]},{"@type":"ImageObject","inLanguage":"fr-FR","@id":"https:\/\/exterminationdesmonts.ca\/fr\/preparation-hivernale\/#primaryimage","url":"https:\/\/exterminationdesmonts.ca\/wp-content\/uploads\/2020\/04\/big_banner_winterizing.jpg","contentUrl":"https:\/\/exterminationdesmonts.ca\/wp-content\/uploads\/2020\/04\/big_banner_winterizing.jpg"},{"@type":"BreadcrumbList","@id":"https:\/\/exterminationdesmonts.ca\/fr\/preparation-hivernale\/#breadcrumb","itemListElement":[{"@type":"ListItem","position":1,"name":"Home","item":"https:\/\/exterminationdesmonts.ca\/fr\/home\/"},{"@type":"ListItem","position":2,"name":"PR\u00c9PARATION HIVERNALE"}]},{"@type":"WebSite","@id":"https:\/\/exterminationdesmonts.ca\/fr\/#website","url":"https:\/\/exterminationdesmonts.ca\/fr\/","name":"Extermination Des Monts","description":"Extermination and Bug Control","publisher":{"@id":"https:\/\/exterminationdesmonts.ca\/fr\/#organization"},"potentialAction":[{"@type":"SearchAction","target":{"@type":"EntryPoint","urlTemplate":"https:\/\/exterminationdesmonts.ca\/fr\/?s={search_term_string}"},"query-input":{"@type":"PropertyValueSpecification","valueRequired":true,"valueName":"search_term_string"}}],"inLanguage":"fr-FR"},{"@type":"Organization","@id":"https:\/\/exterminationdesmonts.ca\/fr\/#organization","name":"Extermination Des Monts","url":"https:\/\/exterminationdesmonts.ca\/fr\/","logo":{"@type":"ImageObject","inLanguage":"fr-FR","@id":"https:\/\/exterminationdesmonts.ca\/fr\/#\/schema\/logo\/image\/","url":"https:\/\/exterminationdesmonts.ca\/wp-content\/uploads\/2017\/04\/top_logo.jpg","contentUrl":"https:\/\/exterminationdesmonts.ca\/wp-content\/uploads\/2017\/04\/top_logo.jpg","width":300,"height":150,"caption":"Extermination Des Monts"},"image":{"@id":"https:\/\/exterminationdesmonts.ca\/fr\/#\/schema\/logo\/image\/"}}]}},"_links":{"self":[{"href":"https:\/\/exterminationdesmonts.ca\/fr\/wp-json\/wp\/v2\/pages\/124","targetHints":{"allow":["GET"]}}],"collection":[{"href":"https:\/\/exterminationdesmonts.ca\/fr\/wp-json\/wp\/v2\/pages"}],"about":[{"href":"https:\/\/exterminationdesmonts.ca\/fr\/wp-json\/wp\/v2\/types\/page"}],"author":[{"embeddable":true,"href":"https:\/\/exterminationdesmonts.ca\/fr\/wp-json\/wp\/v2\/users\/1"}],"replies":[{"embeddable":true,"href":"https:\/\/exterminationdesmonts.ca\/fr\/wp-json\/wp\/v2\/comments?post=124"}],"version-history":[{"count":2,"href":"https:\/\/exterminationdesmonts.ca\/fr\/wp-json\/wp\/v2\/pages\/124\/revisions"}],"predecessor-version":[{"id":306,"href":"https:\/\/exterminationdesmonts.ca\/fr\/wp-json\/wp\/v2\/pages\/124\/revisions\/306"}],"wp:attachment":[{"href":"https:\/\/exterminationdesmonts.ca\/fr\/wp-json\/wp\/v2\/media?parent=124"}],"curies":[{"name":"wp","href":"https:\/\/api.w.org\/{rel}","templated":true}]}}