{"id":128,"date":"2020-04-14T15:20:22","date_gmt":"2020-04-14T15:20:22","guid":{"rendered":"http:\/\/exterminationdesmonts.ca\/?page_id=128\/"},"modified":"2026-04-07T15:29:40","modified_gmt":"2026-04-07T19:29:40","slug":"prevention-des-nids-de-guepes","status":"publish","type":"page","link":"https:\/\/exterminationdesmonts.ca\/fr\/prevention-des-nids-de-guepes\/","title":{"rendered":"PR\u00c9VENTION DES NIDS DE GU\u00caPES"},"content":{"rendered":"<div id=\"dslc-theme-content\"><div id=\"dslc-theme-content-inner\"><div id=\"dslc-content\" class=\"dslc-content dslc-clearfix\">\n<div id=\"dslc-main\">\n<div  class=\"dslc-modules-section  dslc-full \" style=\"margin-bottom:40px;padding-bottom:0px;padding-top:0px;\" data-section-id=\"eebb2e54858\">\n<div class=\"dslc-modules-section-wrapper dslc-clearfix\">\n<div class=\"dslc-modules-area dslc-col dslc-12-col dslc-last-col dslc-valign- \" data-size=\"12\" data-valign=\"\">\n<div id=\"dslc-module-59559dce6b3\" class=\"dslc-module-front dslc-module-DSLC_Image dslc-in-viewport-check dslc-in-viewport-anim-none  dslc-col dslc-12-col dslc-last-col  dslc-module-handle-like-regular \" data-module-id=\"59559dce6b3\" data-module=\"DSLC_Image\" data-dslc-module-size=\"12\" data-dslc-anim=\"none\" data-dslc-anim-delay=\"\" data-dslc-anim-duration=\"650\"  data-dslc-anim-easing=\"ease\" data-dslc-preset=\"none\" >\n<div class=\"dslc-image-container\">\n<div class=\"dslc-image\">\n<p>\t\t\t\t\t\t\t\t\t<img decoding=\"async\" src=\"https:\/\/exterminationdesmonts.ca\/wp-content\/uploads\/2020\/04\/banner_wasps.jpg\" alt=\"\" title=\"\" srcset=\"https:\/\/exterminationdesmonts.ca\/wp-content\/uploads\/2020\/04\/banner_wasps.jpg 1920w, https:\/\/exterminationdesmonts.ca\/wp-content\/uploads\/2020\/04\/banner_wasps-300x78.jpg 300w, https:\/\/exterminationdesmonts.ca\/wp-content\/uploads\/2020\/04\/banner_wasps-768x200.jpg 768w, https:\/\/exterminationdesmonts.ca\/wp-content\/uploads\/2020\/04\/banner_wasps-1024x267.jpg 1024w, https:\/\/exterminationdesmonts.ca\/wp-content\/uploads\/2020\/04\/banner_wasps-680x177.jpg 680w, https:\/\/exterminationdesmonts.ca\/wp-content\/uploads\/2020\/04\/banner_wasps-540x141.jpg 540w\" sizes=\"(max-width: 1920px) 100vw, 1920px\" \/><\/p><\/div>\n<p><!-- .dslc-image -->\n\t\t<\/div>\n<\/p><\/div>\n<p><!-- .dslc-module -->\n\t\t<\/div>\n<\/div>\n<\/div>\n<div  class=\"dslc-modules-section \" style=\"margin-bottom:40px;padding-bottom:0px;padding-top:0px;\" data-section-id=\"a83835448ce\">\n<div class=\"dslc-modules-section-wrapper dslc-clearfix\">\n<div class=\"dslc-modules-area dslc-col dslc-12-col dslc-last-col dslc-valign- \" data-size=\"12\" data-valign=\"\">\n<div id=\"dslc-module-87eabf53f15\" class=\"dslc-module-front dslc-module-DSLC_Text_Simple dslc-in-viewport-check dslc-in-viewport-anim-none  dslc-col dslc-12-col dslc-last-col  dslc-module-handle-like-regular \" data-module-id=\"87eabf53f15\" data-module=\"DSLC_Text_Simple\" data-dslc-module-size=\"12\" data-dslc-anim=\"none\" data-dslc-anim-delay=\"\" data-dslc-anim-duration=\"650\"  data-dslc-anim-easing=\"ease\" data-dslc-preset=\"none\" >\n<div class=\"dslc-text-module-content\">\n<h1>GU\u00caPES<\/h1>\n<\/p><\/div>\n<\/p><\/div>\n<p><!-- .dslc-module -->\n\t\t<\/div>\n<div class=\"dslc-modules-area dslc-col dslc-3-col dslc-first-col dslc-valign- \" data-size=\"3\" data-valign=\"\">\n<div id=\"dslc-module-7354b641166\" class=\"dslc-module-front dslc-module-DSLC_Image dslc-in-viewport-check dslc-in-viewport-anim-none  dslc-col dslc-12-col dslc-last-col  dslc-module-handle-like-regular \" data-module-id=\"7354b641166\" data-module=\"DSLC_Image\" data-dslc-module-size=\"12\" data-dslc-anim=\"none\" data-dslc-anim-delay=\"\" data-dslc-anim-duration=\"650\"  data-dslc-anim-easing=\"ease\" data-dslc-preset=\"none\" >\n<div class=\"dslc-image-container\">\n<div class=\"dslc-image\">\n<p>\t\t\t\t\t\t\t\t\t<img decoding=\"async\" src=\"https:\/\/exterminationdesmonts.ca\/wp-content\/uploads\/2020\/04\/AIRMILES_NOTAG_RGB_FR.jpg\" alt=\"\" title=\"\" srcset=\"https:\/\/exterminationdesmonts.ca\/wp-content\/uploads\/2020\/04\/AIRMILES_NOTAG_RGB_FR.jpg 600w, https:\/\/exterminationdesmonts.ca\/wp-content\/uploads\/2020\/04\/AIRMILES_NOTAG_RGB_FR-150x150.jpg 150w, https:\/\/exterminationdesmonts.ca\/wp-content\/uploads\/2020\/04\/AIRMILES_NOTAG_RGB_FR-300x300.jpg 300w, https:\/\/exterminationdesmonts.ca\/wp-content\/uploads\/2020\/04\/AIRMILES_NOTAG_RGB_FR-540x540.jpg 540w\" sizes=\"(max-width: 600px) 100vw, 600px\" \/><\/p><\/div>\n<p><!-- .dslc-image -->\n\t\t<\/div>\n<\/p><\/div>\n<p><!-- .dslc-module -->\n\t\t<\/div>\n<div class=\"dslc-modules-area dslc-col dslc-3-col  dslc-valign- \" data-size=\"3\" data-valign=\"\">\n<div id=\"dslc-module-465093c745b\" class=\"dslc-module-front dslc-module-DSLC_Text_Simple dslc-in-viewport-check dslc-in-viewport-anim-none  dslc-col dslc-12-col dslc-last-col  dslc-module-handle-like-regular \" data-module-id=\"465093c745b\" data-module=\"DSLC_Text_Simple\" data-dslc-module-size=\"12\" data-dslc-anim=\"none\" data-dslc-anim-delay=\"\" data-dslc-anim-duration=\"650\"  data-dslc-anim-easing=\"ease\" data-dslc-preset=\"none\" >\n<div class=\"dslc-text-module-content\">\n<h2 style=\"text-align: right;\">Obtenez<\/h2>\n<\/p><\/div>\n<\/p><\/div>\n<p><!-- .dslc-module -->\n\t\t<\/div>\n<div class=\"dslc-modules-area dslc-col dslc-3-col  dslc-valign- \" data-size=\"3\" data-valign=\"\">\n<div id=\"dslc-module-8335faee350\" class=\"dslc-module-front dslc-module-DSLC_Text_Simple dslc-in-viewport-check dslc-in-viewport-anim-none  dslc-col dslc-12-col dslc-last-col  dslc-module-handle-like-regular \" data-module-id=\"8335faee350\" data-module=\"DSLC_Text_Simple\" data-dslc-module-size=\"12\" data-dslc-anim=\"none\" data-dslc-anim-delay=\"\" data-dslc-anim-duration=\"650\"  data-dslc-anim-easing=\"ease\" data-dslc-preset=\"none\" >\n<div class=\"dslc-text-module-content\">\n<h2 style=\"text-align: center;\">50 milles<\/h2>\n<\/p><\/div>\n<\/p><\/div>\n<p><!-- .dslc-module -->\n\t\t<\/div>\n<div class=\"dslc-modules-area dslc-col dslc-12-col dslc-first-col dslc-valign- \" data-size=\"12\" data-valign=\"\">\n<div id=\"dslc-module-e456f82e48b\" class=\"dslc-module-front dslc-module-DSLC_Text_Simple dslc-in-viewport-check dslc-in-viewport-anim-none  dslc-col dslc-12-col dslc-last-col  dslc-module-handle-like-regular \" data-module-id=\"e456f82e48b\" data-module=\"DSLC_Text_Simple\" data-dslc-module-size=\"12\" data-dslc-anim=\"none\" data-dslc-anim-delay=\"\" data-dslc-anim-duration=\"650\"  data-dslc-anim-easing=\"ease\" data-dslc-preset=\"none\" >\n<div class=\"dslc-text-module-content\">\n<h4 style=\"text-align: right;\"><em>Des conditions s\u2019appliquent<\/em><\/h4>\n<\/p><\/div>\n<\/p><\/div>\n<p><!-- .dslc-module -->\n\t\t<\/div>\n<\/div>\n<\/div>\n<div  class=\"dslc-modules-section \" style=\"margin-bottom:20px;padding-bottom:40px;padding-top:40px;padding-left:10%;padding-right:10%;\" data-section-id=\"bce3a265670\">\n<div class=\"dslc-modules-section-wrapper dslc-clearfix\">\n<div class=\"dslc-modules-area dslc-col dslc-12-col dslc-last-col dslc-valign- \" data-size=\"12\" data-valign=\"\">\n<div id=\"dslc-module-e9244416242\" class=\"dslc-module-front dslc-module-DSLC_Separator dslc-in-viewport-check dslc-in-viewport-anim-none  dslc-col dslc-12-col dslc-last-col  dslc-module-handle-like-regular \" data-module-id=\"e9244416242\" data-module=\"DSLC_Separator\" data-dslc-module-size=\"12\" data-dslc-anim=\"none\" data-dslc-anim-delay=\"\" data-dslc-anim-duration=\"650\"  data-dslc-anim-easing=\"ease\" data-dslc-preset=\"none\" >\n<div class=\"dslc-separator-wrapper\">\n<div class=\"dslc-separator dslc-separator-style-solid\">\n\t\t\t\t\t\t\t\t\t<\/div>\n<div><\/div>\n<\/p><\/div>\n<p><!-- .dslc-separator-wrapper --><\/p><\/div>\n<p><!-- .dslc-module -->\n\t\t<\/div>\n<\/div>\n<\/div>\n<div  class=\"dslc-modules-section \" style=\"margin-bottom:80px;padding-bottom:0px;padding-top:0px;\" data-section-id=\"2db0e1e3bc4\">\n<div class=\"dslc-modules-section-wrapper dslc-clearfix\">\n<div class=\"dslc-modules-area dslc-col dslc-3-col dslc-first-col dslc-valign- \" data-size=\"3\" data-valign=\"\">\n<div id=\"dslc-module-3b53b81cb74\" class=\"dslc-module-front dslc-module-DSLC_Image dslc-in-viewport-check dslc-in-viewport-anim-none  dslc-col dslc-12-col dslc-last-col  dslc-module-handle-like-regular \" data-module-id=\"3b53b81cb74\" data-module=\"DSLC_Image\" data-dslc-module-size=\"12\" data-dslc-anim=\"none\" data-dslc-anim-delay=\"\" data-dslc-anim-duration=\"650\"  data-dslc-anim-easing=\"ease\" data-dslc-preset=\"none\" >\n<div class=\"dslc-image-container\">\n<div class=\"dslc-image\">\n<p>\t\t\t\t\t\t\t\t\t<img decoding=\"async\" src=\"https:\/\/exterminationdesmonts.ca\/wp-content\/uploads\/2020\/04\/wasps_yellow_jackets.jpg\" alt=\"\" title=\"\" srcset=\"https:\/\/exterminationdesmonts.ca\/wp-content\/uploads\/2020\/04\/wasps_yellow_jackets.jpg 273w, https:\/\/exterminationdesmonts.ca\/wp-content\/uploads\/2020\/04\/wasps_yellow_jackets-150x150.jpg 150w\" sizes=\"(max-width: 273px) 100vw, 273px\" \/><\/p><\/div>\n<p><!-- .dslc-image -->\n\t\t<\/div>\n<\/p><\/div>\n<p><!-- .dslc-module -->\n\t\t<\/div>\n<div class=\"dslc-modules-area dslc-col dslc-9-col dslc-last-col dslc-valign- \" data-size=\"9\" data-valign=\"\">\n<div id=\"dslc-module-1e31f770bd6\" class=\"dslc-module-front dslc-module-DSLC_Text_Simple dslc-in-viewport-check dslc-in-viewport-anim-none  dslc-col dslc-12-col dslc-last-col  dslc-module-handle-like-regular \" data-module-id=\"1e31f770bd6\" data-module=\"DSLC_Text_Simple\" data-dslc-module-size=\"12\" data-dslc-anim=\"none\" data-dslc-anim-delay=\"\" data-dslc-anim-duration=\"650\"  data-dslc-anim-easing=\"ease\" data-dslc-preset=\"none\" >\n<div class=\"dslc-text-module-content\">\n<p>Les gu\u00eapes s&rsquo;installent sur la maison dans certaines zones pour construire des nids de papier. Afin de pr\u00e9venir ces nids, nous recommandons de traiter les surfaces de la maison dans le but de pr\u00e9venir les infiltrations et de stopper la construction de ces nids. Ce traitement est effectu\u00e9 une fois par \u00e9t\u00e9 et est garanti de pr\u00e9venir la construction de nids <strong>visibles<\/strong> sur votre maison<\/p>\n<p><strong>*<\/strong>Les nids non visibles ne sont pas couverts par ce traitement<\/p>\n<\/p><\/div>\n<\/p><\/div>\n<p><!-- .dslc-module -->\n\t\t<\/div>\n<\/div>\n<\/div>\n<\/div>\n<\/div>\n<\/div><\/div>","protected":false},"excerpt":{"rendered":"<p>GU\u00caPES Obtenez 50 milles Des conditions s\u2019appliquent Les gu\u00eapes s&rsquo;installent sur la maison dans certaines zones pour construire des nids de papier. Afin de pr\u00e9venir ces nids, nous recommandons de&nbsp;[&hellip;]<\/p>\n","protected":false},"author":1,"featured_media":0,"parent":0,"menu_order":0,"comment_status":"closed","ping_status":"closed","template":"page-templates\/page_builder.php","meta":{"footnotes":""},"class_list":["post-128","page","type-page","status-publish","hentry","clearfix"],"yoast_head":"<!-- This site is optimized with the Yoast SEO plugin v26.8 - https:\/\/yoast.com\/product\/yoast-seo-wordpress\/ -->\n<title>PR\u00c9VENTION DES NIDS DE GU\u00caPES - Extermination Des Monts<\/title>\n<meta name=\"robots\" content=\"index, follow, max-snippet:-1, max-image-preview:large, max-video-preview:-1\" \/>\n<link rel=\"canonical\" href=\"https:\/\/exterminationdesmonts.ca\/fr\/prevention-des-nids-de-guepes\/\" \/>\n<meta property=\"og:locale\" content=\"fr_FR\" \/>\n<meta property=\"og:type\" content=\"article\" \/>\n<meta property=\"og:title\" content=\"PR\u00c9VENTION DES NIDS DE GU\u00caPES - Extermination Des Monts\" \/>\n<meta property=\"og:description\" content=\"GU\u00caPES Obtenez 50 milles Des conditions s\u2019appliquent Les gu\u00eapes s&rsquo;installent sur la maison dans certaines zones pour construire des nids de papier. Afin de pr\u00e9venir ces nids, nous recommandons de&nbsp;[&hellip;]\" \/>\n<meta property=\"og:url\" content=\"https:\/\/exterminationdesmonts.ca\/fr\/prevention-des-nids-de-guepes\/\" \/>\n<meta property=\"og:site_name\" content=\"Extermination Des Monts\" \/>\n<meta property=\"article:modified_time\" content=\"2026-04-07T19:29:40+00:00\" \/>\n<meta property=\"og:image\" content=\"https:\/\/exterminationdesmonts.ca\/wp-content\/uploads\/2020\/04\/banner_wasps.jpg\" \/>\n<meta name=\"twitter:card\" content=\"summary_large_image\" \/>\n<script type=\"application\/ld+json\" class=\"yoast-schema-graph\">{\"@context\":\"https:\/\/schema.org\",\"@graph\":[{\"@type\":\"WebPage\",\"@id\":\"https:\/\/exterminationdesmonts.ca\/fr\/prevention-des-nids-de-guepes\/\",\"url\":\"https:\/\/exterminationdesmonts.ca\/fr\/prevention-des-nids-de-guepes\/\",\"name\":\"PR\u00c9VENTION DES NIDS DE GU\u00caPES - Extermination Des Monts\",\"isPartOf\":{\"@id\":\"https:\/\/exterminationdesmonts.ca\/fr\/#website\"},\"primaryImageOfPage\":{\"@id\":\"https:\/\/exterminationdesmonts.ca\/fr\/prevention-des-nids-de-guepes\/#primaryimage\"},\"image\":{\"@id\":\"https:\/\/exterminationdesmonts.ca\/fr\/prevention-des-nids-de-guepes\/#primaryimage\"},\"thumbnailUrl\":\"https:\/\/exterminationdesmonts.ca\/wp-content\/uploads\/2020\/04\/banner_wasps.jpg\",\"datePublished\":\"2020-04-14T15:20:22+00:00\",\"dateModified\":\"2026-04-07T19:29:40+00:00\",\"breadcrumb\":{\"@id\":\"https:\/\/exterminationdesmonts.ca\/fr\/prevention-des-nids-de-guepes\/#breadcrumb\"},\"inLanguage\":\"fr-FR\",\"potentialAction\":[{\"@type\":\"ReadAction\",\"target\":[\"https:\/\/exterminationdesmonts.ca\/fr\/prevention-des-nids-de-guepes\/\"]}]},{\"@type\":\"ImageObject\",\"inLanguage\":\"fr-FR\",\"@id\":\"https:\/\/exterminationdesmonts.ca\/fr\/prevention-des-nids-de-guepes\/#primaryimage\",\"url\":\"https:\/\/exterminationdesmonts.ca\/wp-content\/uploads\/2020\/04\/banner_wasps.jpg\",\"contentUrl\":\"https:\/\/exterminationdesmonts.ca\/wp-content\/uploads\/2020\/04\/banner_wasps.jpg\"},{\"@type\":\"BreadcrumbList\",\"@id\":\"https:\/\/exterminationdesmonts.ca\/fr\/prevention-des-nids-de-guepes\/#breadcrumb\",\"itemListElement\":[{\"@type\":\"ListItem\",\"position\":1,\"name\":\"Home\",\"item\":\"https:\/\/exterminationdesmonts.ca\/fr\/home\/\"},{\"@type\":\"ListItem\",\"position\":2,\"name\":\"PR\u00c9VENTION DES NIDS DE GU\u00caPES\"}]},{\"@type\":\"WebSite\",\"@id\":\"https:\/\/exterminationdesmonts.ca\/fr\/#website\",\"url\":\"https:\/\/exterminationdesmonts.ca\/fr\/\",\"name\":\"Extermination Des Monts\",\"description\":\"Extermination and Bug Control\",\"publisher\":{\"@id\":\"https:\/\/exterminationdesmonts.ca\/fr\/#organization\"},\"potentialAction\":[{\"@type\":\"SearchAction\",\"target\":{\"@type\":\"EntryPoint\",\"urlTemplate\":\"https:\/\/exterminationdesmonts.ca\/fr\/?s={search_term_string}\"},\"query-input\":{\"@type\":\"PropertyValueSpecification\",\"valueRequired\":true,\"valueName\":\"search_term_string\"}}],\"inLanguage\":\"fr-FR\"},{\"@type\":\"Organization\",\"@id\":\"https:\/\/exterminationdesmonts.ca\/fr\/#organization\",\"name\":\"Extermination Des Monts\",\"url\":\"https:\/\/exterminationdesmonts.ca\/fr\/\",\"logo\":{\"@type\":\"ImageObject\",\"inLanguage\":\"fr-FR\",\"@id\":\"https:\/\/exterminationdesmonts.ca\/fr\/#\/schema\/logo\/image\/\",\"url\":\"https:\/\/exterminationdesmonts.ca\/wp-content\/uploads\/2017\/04\/top_logo.jpg\",\"contentUrl\":\"https:\/\/exterminationdesmonts.ca\/wp-content\/uploads\/2017\/04\/top_logo.jpg\",\"width\":300,\"height\":150,\"caption\":\"Extermination Des Monts\"},\"image\":{\"@id\":\"https:\/\/exterminationdesmonts.ca\/fr\/#\/schema\/logo\/image\/\"}}]}<\/script>\n<!-- \/ Yoast SEO plugin. -->","yoast_head_json":{"title":"PR\u00c9VENTION DES NIDS DE GU\u00caPES - Extermination Des Monts","robots":{"index":"index","follow":"follow","max-snippet":"max-snippet:-1","max-image-preview":"max-image-preview:large","max-video-preview":"max-video-preview:-1"},"canonical":"https:\/\/exterminationdesmonts.ca\/fr\/prevention-des-nids-de-guepes\/","og_locale":"fr_FR","og_type":"article","og_title":"PR\u00c9VENTION DES NIDS DE GU\u00caPES - Extermination Des Monts","og_description":"GU\u00caPES Obtenez 50 milles Des conditions s\u2019appliquent Les gu\u00eapes s&rsquo;installent sur la maison dans certaines zones pour construire des nids de papier. Afin de pr\u00e9venir ces nids, nous recommandons de&nbsp;[&hellip;]","og_url":"https:\/\/exterminationdesmonts.ca\/fr\/prevention-des-nids-de-guepes\/","og_site_name":"Extermination Des Monts","article_modified_time":"2026-04-07T19:29:40+00:00","og_image":[{"url":"https:\/\/exterminationdesmonts.ca\/wp-content\/uploads\/2020\/04\/banner_wasps.jpg","type":"","width":"","height":""}],"twitter_card":"summary_large_image","schema":{"@context":"https:\/\/schema.org","@graph":[{"@type":"WebPage","@id":"https:\/\/exterminationdesmonts.ca\/fr\/prevention-des-nids-de-guepes\/","url":"https:\/\/exterminationdesmonts.ca\/fr\/prevention-des-nids-de-guepes\/","name":"PR\u00c9VENTION DES NIDS DE GU\u00caPES - Extermination Des Monts","isPartOf":{"@id":"https:\/\/exterminationdesmonts.ca\/fr\/#website"},"primaryImageOfPage":{"@id":"https:\/\/exterminationdesmonts.ca\/fr\/prevention-des-nids-de-guepes\/#primaryimage"},"image":{"@id":"https:\/\/exterminationdesmonts.ca\/fr\/prevention-des-nids-de-guepes\/#primaryimage"},"thumbnailUrl":"https:\/\/exterminationdesmonts.ca\/wp-content\/uploads\/2020\/04\/banner_wasps.jpg","datePublished":"2020-04-14T15:20:22+00:00","dateModified":"2026-04-07T19:29:40+00:00","breadcrumb":{"@id":"https:\/\/exterminationdesmonts.ca\/fr\/prevention-des-nids-de-guepes\/#breadcrumb"},"inLanguage":"fr-FR","potentialAction":[{"@type":"ReadAction","target":["https:\/\/exterminationdesmonts.ca\/fr\/prevention-des-nids-de-guepes\/"]}]},{"@type":"ImageObject","inLanguage":"fr-FR","@id":"https:\/\/exterminationdesmonts.ca\/fr\/prevention-des-nids-de-guepes\/#primaryimage","url":"https:\/\/exterminationdesmonts.ca\/wp-content\/uploads\/2020\/04\/banner_wasps.jpg","contentUrl":"https:\/\/exterminationdesmonts.ca\/wp-content\/uploads\/2020\/04\/banner_wasps.jpg"},{"@type":"BreadcrumbList","@id":"https:\/\/exterminationdesmonts.ca\/fr\/prevention-des-nids-de-guepes\/#breadcrumb","itemListElement":[{"@type":"ListItem","position":1,"name":"Home","item":"https:\/\/exterminationdesmonts.ca\/fr\/home\/"},{"@type":"ListItem","position":2,"name":"PR\u00c9VENTION DES NIDS DE GU\u00caPES"}]},{"@type":"WebSite","@id":"https:\/\/exterminationdesmonts.ca\/fr\/#website","url":"https:\/\/exterminationdesmonts.ca\/fr\/","name":"Extermination Des Monts","description":"Extermination and Bug Control","publisher":{"@id":"https:\/\/exterminationdesmonts.ca\/fr\/#organization"},"potentialAction":[{"@type":"SearchAction","target":{"@type":"EntryPoint","urlTemplate":"https:\/\/exterminationdesmonts.ca\/fr\/?s={search_term_string}"},"query-input":{"@type":"PropertyValueSpecification","valueRequired":true,"valueName":"search_term_string"}}],"inLanguage":"fr-FR"},{"@type":"Organization","@id":"https:\/\/exterminationdesmonts.ca\/fr\/#organization","name":"Extermination Des Monts","url":"https:\/\/exterminationdesmonts.ca\/fr\/","logo":{"@type":"ImageObject","inLanguage":"fr-FR","@id":"https:\/\/exterminationdesmonts.ca\/fr\/#\/schema\/logo\/image\/","url":"https:\/\/exterminationdesmonts.ca\/wp-content\/uploads\/2017\/04\/top_logo.jpg","contentUrl":"https:\/\/exterminationdesmonts.ca\/wp-content\/uploads\/2017\/04\/top_logo.jpg","width":300,"height":150,"caption":"Extermination Des Monts"},"image":{"@id":"https:\/\/exterminationdesmonts.ca\/fr\/#\/schema\/logo\/image\/"}}]}},"_links":{"self":[{"href":"https:\/\/exterminationdesmonts.ca\/fr\/wp-json\/wp\/v2\/pages\/128","targetHints":{"allow":["GET"]}}],"collection":[{"href":"https:\/\/exterminationdesmonts.ca\/fr\/wp-json\/wp\/v2\/pages"}],"about":[{"href":"https:\/\/exterminationdesmonts.ca\/fr\/wp-json\/wp\/v2\/types\/page"}],"author":[{"embeddable":true,"href":"https:\/\/exterminationdesmonts.ca\/fr\/wp-json\/wp\/v2\/users\/1"}],"replies":[{"embeddable":true,"href":"https:\/\/exterminationdesmonts.ca\/fr\/wp-json\/wp\/v2\/comments?post=128"}],"version-history":[{"count":2,"href":"https:\/\/exterminationdesmonts.ca\/fr\/wp-json\/wp\/v2\/pages\/128\/revisions"}],"predecessor-version":[{"id":307,"href":"https:\/\/exterminationdesmonts.ca\/fr\/wp-json\/wp\/v2\/pages\/128\/revisions\/307"}],"wp:attachment":[{"href":"https:\/\/exterminationdesmonts.ca\/fr\/wp-json\/wp\/v2\/media?parent=128"}],"curies":[{"name":"wp","href":"https:\/\/api.w.org\/{rel}","templated":true}]}}