{"id":132,"date":"2020-04-14T15:20:55","date_gmt":"2020-04-14T15:20:55","guid":{"rendered":"http:\/\/exterminationdesmonts.ca\/?page_id=132\/"},"modified":"2026-04-07T15:29:40","modified_gmt":"2026-04-07T19:29:40","slug":"programmer-de-protection-saisonniere","status":"publish","type":"page","link":"https:\/\/exterminationdesmonts.ca\/fr\/programmer-de-protection-saisonniere\/","title":{"rendered":"PROGRAMMER DE PROTECTION SAISONNI\u00c8RE"},"content":{"rendered":"<div id=\"dslc-content\" class=\"dslc-content dslc-clearfix\"><div id=\"dslc-main\">\n\t\t<div  class=\"dslc-modules-section  dslc-full \" style=\"margin-bottom:40px;padding-bottom:0px;padding-top:0px;\" data-section-id=\"f4753985c73\">\n\t\t\t\t\n\t\t\t\t\n\t\t\t\t<div class=\"dslc-modules-section-wrapper dslc-clearfix\"><div class=\"dslc-modules-area dslc-col dslc-12-col dslc-last-col dslc-valign- \" data-size=\"12\" data-valign=\"\">\n\t\t<div id=\"dslc-module-4fbc3aca2e1\" class=\"dslc-module-front dslc-module-DSLC_Image dslc-in-viewport-check dslc-in-viewport-anim-none  dslc-col dslc-12-col dslc-last-col  dslc-module-handle-like-regular \" data-module-id=\"4fbc3aca2e1\" data-module=\"DSLC_Image\" data-dslc-module-size=\"12\" data-dslc-anim=\"none\" data-dslc-anim-delay=\"\" data-dslc-anim-duration=\"650\"  data-dslc-anim-easing=\"ease\" data-dslc-preset=\"none\" >\n\n\t\t\t\n\t\t\t\n\t\t\t\t<div class=\"dslc-image-container\">\r\n\t\t<div class=\"dslc-image\">\r\n\r\n\t\t\t\r\n\t\t\t\t\r\n\t\t\t\t\t\t\t\t\t<img src=\"https:\/\/exterminationdesmonts.ca\/wp-content\/uploads\/2020\/04\/banner_seasonal.jpg\" alt=\"\" title=\"\" srcset=\"https:\/\/exterminationdesmonts.ca\/wp-content\/uploads\/2020\/04\/banner_seasonal.jpg 1920w, https:\/\/exterminationdesmonts.ca\/wp-content\/uploads\/2020\/04\/banner_seasonal-300x78.jpg 300w, https:\/\/exterminationdesmonts.ca\/wp-content\/uploads\/2020\/04\/banner_seasonal-768x200.jpg 768w, https:\/\/exterminationdesmonts.ca\/wp-content\/uploads\/2020\/04\/banner_seasonal-1024x267.jpg 1024w, https:\/\/exterminationdesmonts.ca\/wp-content\/uploads\/2020\/04\/banner_seasonal-680x177.jpg 680w, https:\/\/exterminationdesmonts.ca\/wp-content\/uploads\/2020\/04\/banner_seasonal-540x141.jpg 540w\" sizes=\"(max-width: 1920px) 100vw, 1920px\" \/>\r\n\t\t\t\t\r\n\t\t\t\t\t\t\t\t\t<\/div><!-- .dslc-image -->\r\n\t\t<\/div>\r\n\t\t\n\t\t\t\t<\/div><!-- .dslc-module -->\n\t\t<\/div><\/div><\/div>\n\t\t<div  class=\"dslc-modules-section \" style=\"margin-bottom:20px;padding-bottom:0px;padding-top:0px;\" data-section-id=\"785d9f20d80\">\n\t\t\t\t\n\t\t\t\t\n\t\t\t\t<div class=\"dslc-modules-section-wrapper dslc-clearfix\"><div class=\"dslc-modules-area dslc-col dslc-9-col dslc-first-col dslc-valign- \" data-size=\"9\" data-valign=\"\">\n\t\t<div id=\"dslc-module-7d586e19bda\" class=\"dslc-module-front dslc-module-DSLC_Text_Simple dslc-in-viewport-check dslc-in-viewport-anim-none  dslc-col dslc-12-col dslc-last-col  dslc-module-handle-like-regular \" data-module-id=\"7d586e19bda\" data-module=\"DSLC_Text_Simple\" data-dslc-module-size=\"12\" data-dslc-anim=\"none\" data-dslc-anim-delay=\"\" data-dslc-anim-duration=\"650\"  data-dslc-anim-easing=\"ease\" data-dslc-preset=\"none\" >\n\n\t\t\t\n\t\t\t\n\t\t\r\n\t\t<div class=\"dslc-text-module-content\">\r\n\t\t\t<h1>CONTR\u00d4LE\u00a0SAISONNIER<\/h1>\t\t<\/div>\r\n\r\n\t\t\n\t\t\t\t<\/div><!-- .dslc-module -->\n\t\t<\/div><\/div><\/div>\n\t\t<div  class=\"dslc-modules-section \" style=\"margin-bottom:67px;padding-bottom:0px;padding-top:0px;\" data-section-id=\"62956ffdacc\">\n\t\t\t\t\n\t\t\t\t\n\t\t\t\t<div class=\"dslc-modules-section-wrapper dslc-clearfix\"><div class=\"dslc-modules-area dslc-col dslc-3-col dslc-first-col dslc-valign- \" data-size=\"3\" data-valign=\"\">\n\t\t<div id=\"dslc-module-180e21095ab\" class=\"dslc-module-front dslc-module-DSLC_Image dslc-in-viewport-check dslc-in-viewport-anim-none  dslc-col dslc-12-col dslc-last-col  dslc-module-handle-like-regular \" data-module-id=\"180e21095ab\" data-module=\"DSLC_Image\" data-dslc-module-size=\"12\" data-dslc-anim=\"none\" data-dslc-anim-delay=\"\" data-dslc-anim-duration=\"650\"  data-dslc-anim-easing=\"ease\" data-dslc-preset=\"none\" >\n\n\t\t\t\n\t\t\t\n\t\t\t\t<div class=\"dslc-image-container\">\r\n\t\t<div class=\"dslc-image\">\r\n\r\n\t\t\t\r\n\t\t\t\t\r\n\t\t\t\t\t\t\t\t\t<img src=\"https:\/\/exterminationdesmonts.ca\/wp-content\/uploads\/2020\/04\/AIRMILES_NOTAG_RGB_FR.jpg\" alt=\"\" title=\"\" srcset=\"https:\/\/exterminationdesmonts.ca\/wp-content\/uploads\/2020\/04\/AIRMILES_NOTAG_RGB_FR.jpg 600w, https:\/\/exterminationdesmonts.ca\/wp-content\/uploads\/2020\/04\/AIRMILES_NOTAG_RGB_FR-150x150.jpg 150w, https:\/\/exterminationdesmonts.ca\/wp-content\/uploads\/2020\/04\/AIRMILES_NOTAG_RGB_FR-300x300.jpg 300w, https:\/\/exterminationdesmonts.ca\/wp-content\/uploads\/2020\/04\/AIRMILES_NOTAG_RGB_FR-540x540.jpg 540w\" sizes=\"(max-width: 600px) 100vw, 600px\" \/>\r\n\t\t\t\t\r\n\t\t\t\t\t\t\t\t\t<\/div><!-- .dslc-image -->\r\n\t\t<\/div>\r\n\t\t\n\t\t\t\t<\/div><!-- .dslc-module -->\n\t\t<\/div><div class=\"dslc-modules-area dslc-col dslc-9-col dslc-last-col dslc-valign- \" data-size=\"9\" data-valign=\"\">\n\t\t<div id=\"dslc-module-784be8e5b27\" class=\"dslc-module-front dslc-module-DSLC_Text_Simple dslc-in-viewport-check dslc-in-viewport-anim-none  dslc-col dslc-12-col dslc-last-col  dslc-module-handle-like-regular \" data-module-id=\"784be8e5b27\" data-module=\"DSLC_Text_Simple\" data-dslc-module-size=\"12\" data-dslc-anim=\"none\" data-dslc-anim-delay=\"\" data-dslc-anim-duration=\"650\"  data-dslc-anim-easing=\"ease\" data-dslc-preset=\"none\" >\n\n\t\t\t\n\t\t\t\n\t\t\r\n\t\t<div class=\"dslc-text-module-content\">\r\n\t\t\t<h2><strong>Programme naturel contre les araign\u00e9es<\/strong><br>(3 applications pendant l\u2019\u00e9t\u00e9) = accumulez 50 milles!<\/h2><h3>Doublez vos milles en vous inscrivant aux options suppl\u00e9mentaires!<\/h3><p>\u00a0<\/p><p><strong>Option 1\u00a0: Contr\u00f4le des insectes rampants\u00a0<br><\/strong>Un (1) traitement pr\u00e9ventif qui aidera \u00e0 r\u00e9duire la pr\u00e9sence de fourmis des pav\u00e9s, perce-oreilles, cloportes et autres insectes rampants nuisibles<br><strong>75\u00a0milles<\/strong><\/p><p><strong>Option 2\u00a0: Contr\u00f4le de maringouins<br><\/strong>Deux (2) traitements dans la cour pendant l\u2019\u00e9t\u00e9 qui servent \u00e0 repousser la pr\u00e9sence de maringouins. Traitement naturel sans restrictions pour la famille<br><strong>100 milles<\/strong><\/p><p><strong>Option 3\u00a0: Garantie gu\u00eapes<br><\/strong>Une garantie pour l\u2019\u00e9limination des nids de gu\u00eapes qui sont visibles sur votre propri\u00e9t\u00e9 durant l\u2019\u00e9t\u00e9 = <strong>Gratuit en s\u2019inscrivant aux options 1 et 2!<\/strong><\/p><h4 style=\"text-align: right;\"><em>Des conditions s\u2019appliquent<\/em><\/h4>\t\t<\/div>\r\n\r\n\t\t\n\t\t\t\t<\/div><!-- .dslc-module -->\n\t\t<\/div><\/div><\/div>\n\t\t<div  class=\"dslc-modules-section \" style=\"margin-bottom:20px;padding-bottom:40px;padding-top:40px;padding-left:10%;padding-right:10%;\" data-section-id=\"7fc2cce0ca0\">\n\t\t\t\t\n\t\t\t\t\n\t\t\t\t<div class=\"dslc-modules-section-wrapper dslc-clearfix\"><div class=\"dslc-modules-area dslc-col dslc-12-col dslc-last-col dslc-valign- \" data-size=\"12\" data-valign=\"\">\n\t\t<div id=\"dslc-module-256dce21307\" class=\"dslc-module-front dslc-module-DSLC_Separator dslc-in-viewport-check dslc-in-viewport-anim-none  dslc-col dslc-12-col dslc-last-col  dslc-module-handle-like-regular \" data-module-id=\"256dce21307\" data-module=\"DSLC_Separator\" data-dslc-module-size=\"12\" data-dslc-anim=\"none\" data-dslc-anim-delay=\"\" data-dslc-anim-duration=\"650\"  data-dslc-anim-easing=\"ease\" data-dslc-preset=\"none\" >\n\n\t\t\t\n\t\t\t\n\t\t\t\t\t<div class=\"dslc-separator-wrapper\">\r\n\t\t\t\t<div class=\"dslc-separator dslc-separator-style-solid\">\r\n\t\t\t\t\t\t\t\t\t<\/div>\r\n\t\t\t\t<div><\/div>\r\n\t\t\t<\/div><!-- .dslc-separator-wrapper -->\r\n\t\t\t\n\t\t\t\t<\/div><!-- .dslc-module -->\n\t\t<\/div><\/div><\/div>\n\t\t<div  class=\"dslc-modules-section \" style=\"margin-bottom:80px;padding-bottom:0px;padding-top:0px;\" data-section-id=\"c6de611d420\">\n\t\t\t\t\n\t\t\t\t\n\t\t\t\t<div class=\"dslc-modules-section-wrapper dslc-clearfix\"><div class=\"dslc-modules-area dslc-col dslc-3-col dslc-first-col dslc-valign- \" data-size=\"3\" data-valign=\"\">\n\t\t<div id=\"dslc-module-7485ed72b6f\" class=\"dslc-module-front dslc-module-DSLC_Image dslc-in-viewport-check dslc-in-viewport-anim-none  dslc-col dslc-12-col dslc-last-col  dslc-module-handle-like-regular \" data-module-id=\"7485ed72b6f\" data-module=\"DSLC_Image\" data-dslc-module-size=\"12\" data-dslc-anim=\"none\" data-dslc-anim-delay=\"\" data-dslc-anim-duration=\"650\"  data-dslc-anim-easing=\"ease\" data-dslc-preset=\"none\" >\n\n\t\t\t\n\t\t\t\n\t\t\t\t<div class=\"dslc-image-container\">\r\n\t\t<div class=\"dslc-image\">\r\n\r\n\t\t\t\r\n\t\t\t\t\r\n\t\t\t\t\t\t\t\t\t<img src=\"https:\/\/exterminationdesmonts.ca\/wp-content\/uploads\/2020\/04\/pavement_ants.jpg\" alt=\"\" title=\"\" srcset=\"https:\/\/exterminationdesmonts.ca\/wp-content\/uploads\/2020\/04\/pavement_ants.jpg 273w, https:\/\/exterminationdesmonts.ca\/wp-content\/uploads\/2020\/04\/pavement_ants-150x150.jpg 150w\" sizes=\"(max-width: 273px) 100vw, 273px\" \/>\r\n\t\t\t\t\r\n\t\t\t\t\t\t\t\t\t<\/div><!-- .dslc-image -->\r\n\t\t<\/div>\r\n\t\t\n\t\t\t\t<\/div><!-- .dslc-module -->\n\t\t<\/div><div class=\"dslc-modules-area dslc-col dslc-9-col dslc-last-col dslc-valign- \" data-size=\"9\" data-valign=\"\">\n\t\t<div id=\"dslc-module-5c4a823dfb4\" class=\"dslc-module-front dslc-module-DSLC_Text_Simple dslc-in-viewport-check dslc-in-viewport-anim-none  dslc-col dslc-12-col dslc-last-col  dslc-module-handle-like-regular \" data-module-id=\"5c4a823dfb4\" data-module=\"DSLC_Text_Simple\" data-dslc-module-size=\"12\" data-dslc-anim=\"none\" data-dslc-anim-delay=\"\" data-dslc-anim-duration=\"650\"  data-dslc-anim-easing=\"ease\" data-dslc-preset=\"none\" >\n\n\t\t\t\n\t\t\t\n\t\t\r\n\t\t<div class=\"dslc-text-module-content\">\r\n\t\t\t<p>\u00c0 l\u2019\u00e9t\u00e9, les araign\u00e9es prolif\u00e8rent et s\u2019installent sur la maison. Il peut \u00eatre n\u00e9cessaire de r\u00e9gulariser leur pr\u00e9sence en traitant les surfaces ext\u00e9rieures de maison afin de pr\u00e9venir l\u2019infiltration et prot\u00e9ger les structures de nids, toiles et r\u00e9sidus visibles. Nous proposons un contr\u00f4le saisonnier en trois (3) traitements afin de stopper et maintenir une protection toute la saison. Produit s\u00e9curitaire et sans danger pour votre famille, vos animaux et l\u2019environnement. Une solution efficace pour garder\u00a0 votre maison propre, libre de nids et fils d\u2019araign\u00e9es et surtout pr\u00e9venir qu\u2019elles entrent dans la maison!<\/p>\t\t<\/div>\r\n\r\n\t\t\n\t\t\t\t<\/div><!-- .dslc-module -->\n\t\t<\/div><\/div><\/div><\/div><\/div>","protected":false},"excerpt":{"rendered":"<p>CONTR\u00d4LE\u00a0SAISONNIER Programme naturel contre les araign\u00e9es(3 applications pendant l\u2019\u00e9t\u00e9) = accumulez 50 milles!Doublez vos milles en vous inscrivant aux options suppl\u00e9mentaires!\u00a0Option 1\u00a0: Contr\u00f4le des insectes rampants\u00a0Un (1) traitement pr\u00e9ventif qui&nbsp;[&hellip;]<\/p>\n","protected":false},"author":1,"featured_media":0,"parent":0,"menu_order":0,"comment_status":"closed","ping_status":"closed","template":"page-templates\/page_builder.php","meta":{"footnotes":""},"class_list":["post-132","page","type-page","status-publish","hentry","clearfix"],"yoast_head":"<!-- This site is optimized with the Yoast SEO plugin v26.8 - https:\/\/yoast.com\/product\/yoast-seo-wordpress\/ -->\n<title>PROGRAMMER DE PROTECTION SAISONNI\u00c8RE - Extermination Des Monts<\/title>\n<meta name=\"robots\" content=\"index, follow, max-snippet:-1, max-image-preview:large, max-video-preview:-1\" \/>\n<link rel=\"canonical\" href=\"https:\/\/exterminationdesmonts.ca\/fr\/programmer-de-protection-saisonniere\/\" \/>\n<meta property=\"og:locale\" content=\"fr_FR\" \/>\n<meta property=\"og:type\" content=\"article\" \/>\n<meta property=\"og:title\" content=\"PROGRAMMER DE PROTECTION SAISONNI\u00c8RE - Extermination Des Monts\" \/>\n<meta property=\"og:description\" content=\"CONTR\u00d4LE\u00a0SAISONNIER Programme naturel contre les araign\u00e9es(3 applications pendant l\u2019\u00e9t\u00e9) = accumulez 50 milles!Doublez vos milles en vous inscrivant aux options suppl\u00e9mentaires!\u00a0Option 1\u00a0: Contr\u00f4le des insectes rampants\u00a0Un (1) traitement pr\u00e9ventif qui&nbsp;[&hellip;]\" \/>\n<meta property=\"og:url\" content=\"https:\/\/exterminationdesmonts.ca\/fr\/programmer-de-protection-saisonniere\/\" \/>\n<meta property=\"og:site_name\" content=\"Extermination Des Monts\" \/>\n<meta property=\"article:modified_time\" content=\"2026-04-07T19:29:40+00:00\" \/>\n<meta property=\"og:image\" content=\"https:\/\/exterminationdesmonts.ca\/wp-content\/uploads\/2020\/04\/banner_seasonal.jpg\" \/>\n<meta name=\"twitter:card\" content=\"summary_large_image\" \/>\n<meta name=\"twitter:label1\" content=\"Dur\u00e9e de lecture estim\u00e9e\" \/>\n\t<meta name=\"twitter:data1\" content=\"1 minute\" \/>\n<script type=\"application\/ld+json\" class=\"yoast-schema-graph\">{\"@context\":\"https:\/\/schema.org\",\"@graph\":[{\"@type\":\"WebPage\",\"@id\":\"https:\/\/exterminationdesmonts.ca\/fr\/programmer-de-protection-saisonniere\/\",\"url\":\"https:\/\/exterminationdesmonts.ca\/fr\/programmer-de-protection-saisonniere\/\",\"name\":\"PROGRAMMER DE PROTECTION SAISONNI\u00c8RE - Extermination Des Monts\",\"isPartOf\":{\"@id\":\"https:\/\/exterminationdesmonts.ca\/fr\/#website\"},\"primaryImageOfPage\":{\"@id\":\"https:\/\/exterminationdesmonts.ca\/fr\/programmer-de-protection-saisonniere\/#primaryimage\"},\"image\":{\"@id\":\"https:\/\/exterminationdesmonts.ca\/fr\/programmer-de-protection-saisonniere\/#primaryimage\"},\"thumbnailUrl\":\"https:\/\/exterminationdesmonts.ca\/wp-content\/uploads\/2020\/04\/banner_seasonal.jpg\",\"datePublished\":\"2020-04-14T15:20:55+00:00\",\"dateModified\":\"2026-04-07T19:29:40+00:00\",\"breadcrumb\":{\"@id\":\"https:\/\/exterminationdesmonts.ca\/fr\/programmer-de-protection-saisonniere\/#breadcrumb\"},\"inLanguage\":\"fr-FR\",\"potentialAction\":[{\"@type\":\"ReadAction\",\"target\":[\"https:\/\/exterminationdesmonts.ca\/fr\/programmer-de-protection-saisonniere\/\"]}]},{\"@type\":\"ImageObject\",\"inLanguage\":\"fr-FR\",\"@id\":\"https:\/\/exterminationdesmonts.ca\/fr\/programmer-de-protection-saisonniere\/#primaryimage\",\"url\":\"https:\/\/exterminationdesmonts.ca\/wp-content\/uploads\/2020\/04\/banner_seasonal.jpg\",\"contentUrl\":\"https:\/\/exterminationdesmonts.ca\/wp-content\/uploads\/2020\/04\/banner_seasonal.jpg\"},{\"@type\":\"BreadcrumbList\",\"@id\":\"https:\/\/exterminationdesmonts.ca\/fr\/programmer-de-protection-saisonniere\/#breadcrumb\",\"itemListElement\":[{\"@type\":\"ListItem\",\"position\":1,\"name\":\"Home\",\"item\":\"https:\/\/exterminationdesmonts.ca\/fr\/home\/\"},{\"@type\":\"ListItem\",\"position\":2,\"name\":\"PROGRAMMER DE PROTECTION SAISONNI\u00c8RE\"}]},{\"@type\":\"WebSite\",\"@id\":\"https:\/\/exterminationdesmonts.ca\/fr\/#website\",\"url\":\"https:\/\/exterminationdesmonts.ca\/fr\/\",\"name\":\"Extermination Des Monts\",\"description\":\"Extermination and Bug Control\",\"publisher\":{\"@id\":\"https:\/\/exterminationdesmonts.ca\/fr\/#organization\"},\"potentialAction\":[{\"@type\":\"SearchAction\",\"target\":{\"@type\":\"EntryPoint\",\"urlTemplate\":\"https:\/\/exterminationdesmonts.ca\/fr\/?s={search_term_string}\"},\"query-input\":{\"@type\":\"PropertyValueSpecification\",\"valueRequired\":true,\"valueName\":\"search_term_string\"}}],\"inLanguage\":\"fr-FR\"},{\"@type\":\"Organization\",\"@id\":\"https:\/\/exterminationdesmonts.ca\/fr\/#organization\",\"name\":\"Extermination Des Monts\",\"url\":\"https:\/\/exterminationdesmonts.ca\/fr\/\",\"logo\":{\"@type\":\"ImageObject\",\"inLanguage\":\"fr-FR\",\"@id\":\"https:\/\/exterminationdesmonts.ca\/fr\/#\/schema\/logo\/image\/\",\"url\":\"https:\/\/exterminationdesmonts.ca\/wp-content\/uploads\/2017\/04\/top_logo.jpg\",\"contentUrl\":\"https:\/\/exterminationdesmonts.ca\/wp-content\/uploads\/2017\/04\/top_logo.jpg\",\"width\":300,\"height\":150,\"caption\":\"Extermination Des Monts\"},\"image\":{\"@id\":\"https:\/\/exterminationdesmonts.ca\/fr\/#\/schema\/logo\/image\/\"}}]}<\/script>\n<!-- \/ Yoast SEO plugin. -->","yoast_head_json":{"title":"PROGRAMMER DE PROTECTION SAISONNI\u00c8RE - Extermination Des Monts","robots":{"index":"index","follow":"follow","max-snippet":"max-snippet:-1","max-image-preview":"max-image-preview:large","max-video-preview":"max-video-preview:-1"},"canonical":"https:\/\/exterminationdesmonts.ca\/fr\/programmer-de-protection-saisonniere\/","og_locale":"fr_FR","og_type":"article","og_title":"PROGRAMMER DE PROTECTION SAISONNI\u00c8RE - Extermination Des Monts","og_description":"CONTR\u00d4LE\u00a0SAISONNIER Programme naturel contre les araign\u00e9es(3 applications pendant l\u2019\u00e9t\u00e9) = accumulez 50 milles!Doublez vos milles en vous inscrivant aux options suppl\u00e9mentaires!\u00a0Option 1\u00a0: Contr\u00f4le des insectes rampants\u00a0Un (1) traitement pr\u00e9ventif qui&nbsp;[&hellip;]","og_url":"https:\/\/exterminationdesmonts.ca\/fr\/programmer-de-protection-saisonniere\/","og_site_name":"Extermination Des Monts","article_modified_time":"2026-04-07T19:29:40+00:00","og_image":[{"url":"https:\/\/exterminationdesmonts.ca\/wp-content\/uploads\/2020\/04\/banner_seasonal.jpg","type":"","width":"","height":""}],"twitter_card":"summary_large_image","twitter_misc":{"Dur\u00e9e de lecture estim\u00e9e":"1 minute"},"schema":{"@context":"https:\/\/schema.org","@graph":[{"@type":"WebPage","@id":"https:\/\/exterminationdesmonts.ca\/fr\/programmer-de-protection-saisonniere\/","url":"https:\/\/exterminationdesmonts.ca\/fr\/programmer-de-protection-saisonniere\/","name":"PROGRAMMER DE PROTECTION SAISONNI\u00c8RE - Extermination Des Monts","isPartOf":{"@id":"https:\/\/exterminationdesmonts.ca\/fr\/#website"},"primaryImageOfPage":{"@id":"https:\/\/exterminationdesmonts.ca\/fr\/programmer-de-protection-saisonniere\/#primaryimage"},"image":{"@id":"https:\/\/exterminationdesmonts.ca\/fr\/programmer-de-protection-saisonniere\/#primaryimage"},"thumbnailUrl":"https:\/\/exterminationdesmonts.ca\/wp-content\/uploads\/2020\/04\/banner_seasonal.jpg","datePublished":"2020-04-14T15:20:55+00:00","dateModified":"2026-04-07T19:29:40+00:00","breadcrumb":{"@id":"https:\/\/exterminationdesmonts.ca\/fr\/programmer-de-protection-saisonniere\/#breadcrumb"},"inLanguage":"fr-FR","potentialAction":[{"@type":"ReadAction","target":["https:\/\/exterminationdesmonts.ca\/fr\/programmer-de-protection-saisonniere\/"]}]},{"@type":"ImageObject","inLanguage":"fr-FR","@id":"https:\/\/exterminationdesmonts.ca\/fr\/programmer-de-protection-saisonniere\/#primaryimage","url":"https:\/\/exterminationdesmonts.ca\/wp-content\/uploads\/2020\/04\/banner_seasonal.jpg","contentUrl":"https:\/\/exterminationdesmonts.ca\/wp-content\/uploads\/2020\/04\/banner_seasonal.jpg"},{"@type":"BreadcrumbList","@id":"https:\/\/exterminationdesmonts.ca\/fr\/programmer-de-protection-saisonniere\/#breadcrumb","itemListElement":[{"@type":"ListItem","position":1,"name":"Home","item":"https:\/\/exterminationdesmonts.ca\/fr\/home\/"},{"@type":"ListItem","position":2,"name":"PROGRAMMER DE PROTECTION SAISONNI\u00c8RE"}]},{"@type":"WebSite","@id":"https:\/\/exterminationdesmonts.ca\/fr\/#website","url":"https:\/\/exterminationdesmonts.ca\/fr\/","name":"Extermination Des Monts","description":"Extermination and Bug Control","publisher":{"@id":"https:\/\/exterminationdesmonts.ca\/fr\/#organization"},"potentialAction":[{"@type":"SearchAction","target":{"@type":"EntryPoint","urlTemplate":"https:\/\/exterminationdesmonts.ca\/fr\/?s={search_term_string}"},"query-input":{"@type":"PropertyValueSpecification","valueRequired":true,"valueName":"search_term_string"}}],"inLanguage":"fr-FR"},{"@type":"Organization","@id":"https:\/\/exterminationdesmonts.ca\/fr\/#organization","name":"Extermination Des Monts","url":"https:\/\/exterminationdesmonts.ca\/fr\/","logo":{"@type":"ImageObject","inLanguage":"fr-FR","@id":"https:\/\/exterminationdesmonts.ca\/fr\/#\/schema\/logo\/image\/","url":"https:\/\/exterminationdesmonts.ca\/wp-content\/uploads\/2017\/04\/top_logo.jpg","contentUrl":"https:\/\/exterminationdesmonts.ca\/wp-content\/uploads\/2017\/04\/top_logo.jpg","width":300,"height":150,"caption":"Extermination Des Monts"},"image":{"@id":"https:\/\/exterminationdesmonts.ca\/fr\/#\/schema\/logo\/image\/"}}]}},"_links":{"self":[{"href":"https:\/\/exterminationdesmonts.ca\/fr\/wp-json\/wp\/v2\/pages\/132","targetHints":{"allow":["GET"]}}],"collection":[{"href":"https:\/\/exterminationdesmonts.ca\/fr\/wp-json\/wp\/v2\/pages"}],"about":[{"href":"https:\/\/exterminationdesmonts.ca\/fr\/wp-json\/wp\/v2\/types\/page"}],"author":[{"embeddable":true,"href":"https:\/\/exterminationdesmonts.ca\/fr\/wp-json\/wp\/v2\/users\/1"}],"replies":[{"embeddable":true,"href":"https:\/\/exterminationdesmonts.ca\/fr\/wp-json\/wp\/v2\/comments?post=132"}],"version-history":[{"count":2,"href":"https:\/\/exterminationdesmonts.ca\/fr\/wp-json\/wp\/v2\/pages\/132\/revisions"}],"predecessor-version":[{"id":309,"href":"https:\/\/exterminationdesmonts.ca\/fr\/wp-json\/wp\/v2\/pages\/132\/revisions\/309"}],"wp:attachment":[{"href":"https:\/\/exterminationdesmonts.ca\/fr\/wp-json\/wp\/v2\/media?parent=132"}],"curies":[{"name":"wp","href":"https:\/\/api.w.org\/{rel}","templated":true}]}}