{"id":136,"date":"2020-04-14T15:21:21","date_gmt":"2020-04-14T15:21:21","guid":{"rendered":"http:\/\/exterminationdesmonts.ca\/?page_id=136\/"},"modified":"2026-04-07T15:29:40","modified_gmt":"2026-04-07T19:29:40","slug":"reseau-preventif-exterieur-contre-rongeurs","status":"publish","type":"page","link":"https:\/\/exterminationdesmonts.ca\/fr\/reseau-preventif-exterieur-contre-rongeurs\/","title":{"rendered":"R\u00c9SEAU PR\u00c9VENTIF EXT\u00c9RIEUR CONTRE RONGEURS"},"content":{"rendered":"<div id=\"dslc-content\" class=\"dslc-content dslc-clearfix\"><div id=\"dslc-main\">\n\t\t<div  class=\"dslc-modules-section  dslc-full \" style=\"margin-bottom:40px;padding-bottom:0px;padding-top:0px;\" data-section-id=\"576e25a24ab\">\n\t\t\t\t\n\t\t\t\t\n\t\t\t\t<div class=\"dslc-modules-section-wrapper dslc-clearfix\"><div class=\"dslc-modules-area dslc-col dslc-12-col dslc-last-col dslc-valign- \" data-size=\"12\" data-valign=\"\">\n\t\t<div id=\"dslc-module-2cad11af82b\" class=\"dslc-module-front dslc-module-DSLC_Image dslc-in-viewport-check dslc-in-viewport-anim-none  dslc-col dslc-12-col dslc-last-col  dslc-module-handle-like-regular \" data-module-id=\"2cad11af82b\" data-module=\"DSLC_Image\" data-dslc-module-size=\"12\" data-dslc-anim=\"none\" data-dslc-anim-delay=\"\" data-dslc-anim-duration=\"650\"  data-dslc-anim-easing=\"ease\" data-dslc-preset=\"none\" >\n\n\t\t\t\n\t\t\t\n\t\t\t\t<div class=\"dslc-image-container\">\r\n\t\t<div class=\"dslc-image\">\r\n\r\n\t\t\t\r\n\t\t\t\t\r\n\t\t\t\t\t\t\t\t\t<img src=\"https:\/\/exterminationdesmonts.ca\/wp-content\/uploads\/2020\/04\/banner_rodentprev.jpg\" alt=\"\" title=\"\" srcset=\"https:\/\/exterminationdesmonts.ca\/wp-content\/uploads\/2020\/04\/banner_rodentprev.jpg 1920w, https:\/\/exterminationdesmonts.ca\/wp-content\/uploads\/2020\/04\/banner_rodentprev-300x78.jpg 300w, https:\/\/exterminationdesmonts.ca\/wp-content\/uploads\/2020\/04\/banner_rodentprev-768x200.jpg 768w, https:\/\/exterminationdesmonts.ca\/wp-content\/uploads\/2020\/04\/banner_rodentprev-1024x267.jpg 1024w, https:\/\/exterminationdesmonts.ca\/wp-content\/uploads\/2020\/04\/banner_rodentprev-680x177.jpg 680w, https:\/\/exterminationdesmonts.ca\/wp-content\/uploads\/2020\/04\/banner_rodentprev-540x141.jpg 540w\" sizes=\"(max-width: 1920px) 100vw, 1920px\" \/>\r\n\t\t\t\t\r\n\t\t\t\t\t\t\t\t\t<\/div><!-- .dslc-image -->\r\n\t\t<\/div>\r\n\t\t\n\t\t\t\t<\/div><!-- .dslc-module -->\n\t\t<\/div><\/div><\/div>\n\t\t<div  class=\"dslc-modules-section \" style=\"margin-bottom:40px;padding-bottom:0px;padding-top:0px;\" data-section-id=\"64c21c498ed\">\n\t\t\t\t\n\t\t\t\t\n\t\t\t\t<div class=\"dslc-modules-section-wrapper dslc-clearfix\"><div class=\"dslc-modules-area dslc-col dslc-12-col dslc-last-col dslc-valign- \" data-size=\"12\" data-valign=\"\">\n\t\t<div id=\"dslc-module-eff101212d1\" class=\"dslc-module-front dslc-module-DSLC_Text_Simple dslc-in-viewport-check dslc-in-viewport-anim-none  dslc-col dslc-12-col dslc-last-col  dslc-module-handle-like-regular \" data-module-id=\"eff101212d1\" data-module=\"DSLC_Text_Simple\" data-dslc-module-size=\"12\" data-dslc-anim=\"none\" data-dslc-anim-delay=\"\" data-dslc-anim-duration=\"650\"  data-dslc-anim-easing=\"ease\" data-dslc-preset=\"none\" >\n\n\t\t\t\n\t\t\t\n\t\t\r\n\t\t<div class=\"dslc-text-module-content\">\r\n\t\t\t<h1>SOURIS<\/h1>\t\t<\/div>\r\n\r\n\t\t\n\t\t\t\t<\/div><!-- .dslc-module -->\n\t\t<\/div><div class=\"dslc-modules-area dslc-col dslc-3-col dslc-first-col dslc-valign- \" data-size=\"3\" data-valign=\"\">\n\t\t<div id=\"dslc-module-7d0c86586c8\" class=\"dslc-module-front dslc-module-DSLC_Image dslc-in-viewport-check dslc-in-viewport-anim-none  dslc-col dslc-12-col dslc-last-col  dslc-module-handle-like-regular \" data-module-id=\"7d0c86586c8\" data-module=\"DSLC_Image\" data-dslc-module-size=\"12\" data-dslc-anim=\"none\" data-dslc-anim-delay=\"\" data-dslc-anim-duration=\"650\"  data-dslc-anim-easing=\"ease\" data-dslc-preset=\"none\" >\n\n\t\t\t\n\t\t\t\n\t\t\t\t<div class=\"dslc-image-container\">\r\n\t\t<div class=\"dslc-image\">\r\n\r\n\t\t\t\r\n\t\t\t\t\r\n\t\t\t\t\t\t\t\t\t<img src=\"https:\/\/exterminationdesmonts.ca\/wp-content\/uploads\/2020\/04\/AIRMILES_NOTAG_RGB_FR.jpg\" alt=\"\" title=\"\" srcset=\"https:\/\/exterminationdesmonts.ca\/wp-content\/uploads\/2020\/04\/AIRMILES_NOTAG_RGB_FR.jpg 600w, https:\/\/exterminationdesmonts.ca\/wp-content\/uploads\/2020\/04\/AIRMILES_NOTAG_RGB_FR-150x150.jpg 150w, https:\/\/exterminationdesmonts.ca\/wp-content\/uploads\/2020\/04\/AIRMILES_NOTAG_RGB_FR-300x300.jpg 300w, https:\/\/exterminationdesmonts.ca\/wp-content\/uploads\/2020\/04\/AIRMILES_NOTAG_RGB_FR-540x540.jpg 540w\" sizes=\"(max-width: 600px) 100vw, 600px\" \/>\r\n\t\t\t\t\r\n\t\t\t\t\t\t\t\t\t<\/div><!-- .dslc-image -->\r\n\t\t<\/div>\r\n\t\t\n\t\t\t\t<\/div><!-- .dslc-module -->\n\t\t<\/div><div class=\"dslc-modules-area dslc-col dslc-3-col  dslc-valign- \" data-size=\"3\" data-valign=\"\">\n\t\t<div id=\"dslc-module-e6fd801c414\" class=\"dslc-module-front dslc-module-DSLC_Text_Simple dslc-in-viewport-check dslc-in-viewport-anim-none  dslc-col dslc-12-col dslc-last-col  dslc-module-handle-like-regular \" data-module-id=\"e6fd801c414\" data-module=\"DSLC_Text_Simple\" data-dslc-module-size=\"12\" data-dslc-anim=\"none\" data-dslc-anim-delay=\"\" data-dslc-anim-duration=\"650\"  data-dslc-anim-easing=\"ease\" data-dslc-preset=\"none\" >\n\n\t\t\t\n\t\t\t\n\t\t\r\n\t\t<div class=\"dslc-text-module-content\">\r\n\t\t\t<h2 style=\"text-align: right;\">Obtenez<\/h2>\t\t<\/div>\r\n\r\n\t\t\n\t\t\t\t<\/div><!-- .dslc-module -->\n\t\t<\/div><div class=\"dslc-modules-area dslc-col dslc-3-col  dslc-valign- \" data-size=\"3\" data-valign=\"\">\n\t\t<div id=\"dslc-module-1bf2fd29201\" class=\"dslc-module-front dslc-module-DSLC_Text_Simple dslc-in-viewport-check dslc-in-viewport-anim-none  dslc-col dslc-12-col dslc-last-col  dslc-module-handle-like-regular \" data-module-id=\"1bf2fd29201\" data-module=\"DSLC_Text_Simple\" data-dslc-module-size=\"12\" data-dslc-anim=\"none\" data-dslc-anim-delay=\"\" data-dslc-anim-duration=\"650\"  data-dslc-anim-easing=\"ease\" data-dslc-preset=\"none\" >\n\n\t\t\t\n\t\t\t\n\t\t\r\n\t\t<div class=\"dslc-text-module-content\">\r\n\t\t\t<h2 style=\"text-align: center;\">25\u00a0milles<\/h2>\t\t<\/div>\r\n\r\n\t\t\n\t\t\t\t<\/div><!-- .dslc-module -->\n\t\t<\/div><div class=\"dslc-modules-area dslc-col dslc-12-col dslc-first-col dslc-valign- \" data-size=\"12\" data-valign=\"\">\n\t\t<div id=\"dslc-module-6c25718afdc\" class=\"dslc-module-front dslc-module-DSLC_Text_Simple dslc-in-viewport-check dslc-in-viewport-anim-none  dslc-col dslc-12-col dslc-last-col  dslc-module-handle-like-regular \" data-module-id=\"6c25718afdc\" data-module=\"DSLC_Text_Simple\" data-dslc-module-size=\"12\" data-dslc-anim=\"none\" data-dslc-anim-delay=\"\" data-dslc-anim-duration=\"650\"  data-dslc-anim-easing=\"ease\" data-dslc-preset=\"none\" >\n\n\t\t\t\n\t\t\t\n\t\t\r\n\t\t<div class=\"dslc-text-module-content\">\r\n\t\t\t<h4 style=\"text-align: right;\"><em>Des conditions s\u2019appliquent<\/em><\/h4>\t\t<\/div>\r\n\r\n\t\t\n\t\t\t\t<\/div><!-- .dslc-module -->\n\t\t<\/div><\/div><\/div>\n\t\t<div  class=\"dslc-modules-section \" style=\"margin-bottom:20px;padding-bottom:40px;padding-top:40px;padding-left:10%;padding-right:10%;\" data-section-id=\"24be362b02c\">\n\t\t\t\t\n\t\t\t\t\n\t\t\t\t<div class=\"dslc-modules-section-wrapper dslc-clearfix\"><div class=\"dslc-modules-area dslc-col dslc-12-col dslc-last-col dslc-valign- \" data-size=\"12\" data-valign=\"\">\n\t\t<div id=\"dslc-module-2d7b774aa7d\" class=\"dslc-module-front dslc-module-DSLC_Separator dslc-in-viewport-check dslc-in-viewport-anim-none  dslc-col dslc-12-col dslc-last-col  dslc-module-handle-like-regular \" data-module-id=\"2d7b774aa7d\" data-module=\"DSLC_Separator\" data-dslc-module-size=\"12\" data-dslc-anim=\"none\" data-dslc-anim-delay=\"\" data-dslc-anim-duration=\"650\"  data-dslc-anim-easing=\"ease\" data-dslc-preset=\"none\" >\n\n\t\t\t\n\t\t\t\n\t\t\t\t\t<div class=\"dslc-separator-wrapper\">\r\n\t\t\t\t<div class=\"dslc-separator dslc-separator-style-solid\">\r\n\t\t\t\t\t\t\t\t\t<\/div>\r\n\t\t\t\t<div><\/div>\r\n\t\t\t<\/div><!-- .dslc-separator-wrapper -->\r\n\t\t\t\n\t\t\t\t<\/div><!-- .dslc-module -->\n\t\t<\/div><\/div><\/div>\n\t\t<div  class=\"dslc-modules-section \" style=\"margin-bottom:80px;padding-bottom:0px;padding-top:0px;\" data-section-id=\"dbba5efd7f6\">\n\t\t\t\t\n\t\t\t\t\n\t\t\t\t<div class=\"dslc-modules-section-wrapper dslc-clearfix\"><div class=\"dslc-modules-area dslc-col dslc-3-col dslc-first-col dslc-valign- \" data-size=\"3\" data-valign=\"\">\n\t\t<div id=\"dslc-module-43b51dc9e18\" class=\"dslc-module-front dslc-module-DSLC_Image dslc-in-viewport-check dslc-in-viewport-anim-none  dslc-col dslc-12-col dslc-last-col  dslc-module-handle-like-regular \" data-module-id=\"43b51dc9e18\" data-module=\"DSLC_Image\" data-dslc-module-size=\"12\" data-dslc-anim=\"none\" data-dslc-anim-delay=\"\" data-dslc-anim-duration=\"650\"  data-dslc-anim-easing=\"ease\" data-dslc-preset=\"none\" >\n\n\t\t\t\n\t\t\t\n\t\t\t\t<div class=\"dslc-image-container\">\r\n\t\t<div class=\"dslc-image\">\r\n\r\n\t\t\t\r\n\t\t\t\t\r\n\t\t\t\t\t\t\t\t\t<img src=\"https:\/\/exterminationdesmonts.ca\/wp-content\/uploads\/2020\/04\/mice.jpg\" alt=\"\" title=\"\" srcset=\"https:\/\/exterminationdesmonts.ca\/wp-content\/uploads\/2020\/04\/mice.jpg 273w, https:\/\/exterminationdesmonts.ca\/wp-content\/uploads\/2020\/04\/mice-150x150.jpg 150w\" sizes=\"(max-width: 273px) 100vw, 273px\" \/>\r\n\t\t\t\t\r\n\t\t\t\t\t\t\t\t\t<\/div><!-- .dslc-image -->\r\n\t\t<\/div>\r\n\t\t\n\t\t\t\t<\/div><!-- .dslc-module -->\n\t\t<\/div><div class=\"dslc-modules-area dslc-col dslc-9-col dslc-last-col dslc-valign- \" data-size=\"9\" data-valign=\"\">\n\t\t<div id=\"dslc-module-f057909d2da\" class=\"dslc-module-front dslc-module-DSLC_Text_Simple dslc-in-viewport-check dslc-in-viewport-anim-none  dslc-col dslc-12-col dslc-last-col  dslc-module-handle-like-regular \" data-module-id=\"f057909d2da\" data-module=\"DSLC_Text_Simple\" data-dslc-module-size=\"12\" data-dslc-anim=\"none\" data-dslc-anim-delay=\"\" data-dslc-anim-duration=\"650\"  data-dslc-anim-easing=\"ease\" data-dslc-preset=\"none\" >\n\n\t\t\t\n\t\t\t\n\t\t\r\n\t\t<div class=\"dslc-text-module-content\">\r\n\t\t\t<p>Les souris aiment bien s\u2019installer dans les greniers pour se prot\u00e9ger de notre froid hivernal. Notre r\u00e9seau pr\u00e9ventif dispos\u00e9 \u00e0 l\u2019ext\u00e9rieur de votre r\u00e9sidence agira de fa\u00e7on \u00e0 emp\u00eacher ces petites b\u00eates de faire r\u00e9sidence chez vous!<\/p>\t\t<\/div>\r\n\r\n\t\t\n\t\t\t\t<\/div><!-- .dslc-module -->\n\t\t<\/div><\/div><\/div><\/div><\/div>","protected":false},"excerpt":{"rendered":"<p>SOURIS Obtenez 25\u00a0milles Des conditions s\u2019appliquent Les souris aiment bien s\u2019installer dans les greniers pour se prot\u00e9ger de notre froid hivernal. Notre r\u00e9seau pr\u00e9ventif dispos\u00e9 \u00e0 l\u2019ext\u00e9rieur de votre r\u00e9sidence&nbsp;[&hellip;]<\/p>\n","protected":false},"author":1,"featured_media":0,"parent":0,"menu_order":0,"comment_status":"closed","ping_status":"closed","template":"page-templates\/page_builder.php","meta":{"footnotes":""},"class_list":["post-136","page","type-page","status-publish","hentry","clearfix"],"yoast_head":"<!-- This site is optimized with the Yoast SEO plugin v26.8 - https:\/\/yoast.com\/product\/yoast-seo-wordpress\/ -->\n<title>R\u00c9SEAU PR\u00c9VENTIF EXT\u00c9RIEUR CONTRE RONGEURS - Extermination Des Monts<\/title>\n<meta name=\"robots\" content=\"index, follow, max-snippet:-1, max-image-preview:large, max-video-preview:-1\" \/>\n<link rel=\"canonical\" href=\"https:\/\/exterminationdesmonts.ca\/fr\/reseau-preventif-exterieur-contre-rongeurs\/\" \/>\n<meta property=\"og:locale\" content=\"fr_FR\" \/>\n<meta property=\"og:type\" content=\"article\" \/>\n<meta property=\"og:title\" content=\"R\u00c9SEAU PR\u00c9VENTIF EXT\u00c9RIEUR CONTRE RONGEURS - Extermination Des Monts\" \/>\n<meta property=\"og:description\" content=\"SOURIS Obtenez 25\u00a0milles Des conditions s\u2019appliquent Les souris aiment bien s\u2019installer dans les greniers pour se prot\u00e9ger de notre froid hivernal. Notre r\u00e9seau pr\u00e9ventif dispos\u00e9 \u00e0 l\u2019ext\u00e9rieur de votre r\u00e9sidence&nbsp;[&hellip;]\" \/>\n<meta property=\"og:url\" content=\"https:\/\/exterminationdesmonts.ca\/fr\/reseau-preventif-exterieur-contre-rongeurs\/\" \/>\n<meta property=\"og:site_name\" content=\"Extermination Des Monts\" \/>\n<meta property=\"article:modified_time\" content=\"2026-04-07T19:29:40+00:00\" \/>\n<meta property=\"og:image\" content=\"https:\/\/exterminationdesmonts.ca\/wp-content\/uploads\/2020\/04\/banner_rodentprev.jpg\" \/>\n<meta name=\"twitter:card\" content=\"summary_large_image\" \/>\n<script type=\"application\/ld+json\" class=\"yoast-schema-graph\">{\"@context\":\"https:\/\/schema.org\",\"@graph\":[{\"@type\":\"WebPage\",\"@id\":\"https:\/\/exterminationdesmonts.ca\/fr\/reseau-preventif-exterieur-contre-rongeurs\/\",\"url\":\"https:\/\/exterminationdesmonts.ca\/fr\/reseau-preventif-exterieur-contre-rongeurs\/\",\"name\":\"R\u00c9SEAU PR\u00c9VENTIF EXT\u00c9RIEUR CONTRE RONGEURS - Extermination Des Monts\",\"isPartOf\":{\"@id\":\"https:\/\/exterminationdesmonts.ca\/fr\/#website\"},\"primaryImageOfPage\":{\"@id\":\"https:\/\/exterminationdesmonts.ca\/fr\/reseau-preventif-exterieur-contre-rongeurs\/#primaryimage\"},\"image\":{\"@id\":\"https:\/\/exterminationdesmonts.ca\/fr\/reseau-preventif-exterieur-contre-rongeurs\/#primaryimage\"},\"thumbnailUrl\":\"https:\/\/exterminationdesmonts.ca\/wp-content\/uploads\/2020\/04\/banner_rodentprev.jpg\",\"datePublished\":\"2020-04-14T15:21:21+00:00\",\"dateModified\":\"2026-04-07T19:29:40+00:00\",\"breadcrumb\":{\"@id\":\"https:\/\/exterminationdesmonts.ca\/fr\/reseau-preventif-exterieur-contre-rongeurs\/#breadcrumb\"},\"inLanguage\":\"fr-FR\",\"potentialAction\":[{\"@type\":\"ReadAction\",\"target\":[\"https:\/\/exterminationdesmonts.ca\/fr\/reseau-preventif-exterieur-contre-rongeurs\/\"]}]},{\"@type\":\"ImageObject\",\"inLanguage\":\"fr-FR\",\"@id\":\"https:\/\/exterminationdesmonts.ca\/fr\/reseau-preventif-exterieur-contre-rongeurs\/#primaryimage\",\"url\":\"https:\/\/exterminationdesmonts.ca\/wp-content\/uploads\/2020\/04\/banner_rodentprev.jpg\",\"contentUrl\":\"https:\/\/exterminationdesmonts.ca\/wp-content\/uploads\/2020\/04\/banner_rodentprev.jpg\"},{\"@type\":\"BreadcrumbList\",\"@id\":\"https:\/\/exterminationdesmonts.ca\/fr\/reseau-preventif-exterieur-contre-rongeurs\/#breadcrumb\",\"itemListElement\":[{\"@type\":\"ListItem\",\"position\":1,\"name\":\"Home\",\"item\":\"https:\/\/exterminationdesmonts.ca\/fr\/home\/\"},{\"@type\":\"ListItem\",\"position\":2,\"name\":\"R\u00c9SEAU PR\u00c9VENTIF EXT\u00c9RIEUR CONTRE RONGEURS\"}]},{\"@type\":\"WebSite\",\"@id\":\"https:\/\/exterminationdesmonts.ca\/fr\/#website\",\"url\":\"https:\/\/exterminationdesmonts.ca\/fr\/\",\"name\":\"Extermination Des Monts\",\"description\":\"Extermination and Bug Control\",\"publisher\":{\"@id\":\"https:\/\/exterminationdesmonts.ca\/fr\/#organization\"},\"potentialAction\":[{\"@type\":\"SearchAction\",\"target\":{\"@type\":\"EntryPoint\",\"urlTemplate\":\"https:\/\/exterminationdesmonts.ca\/fr\/?s={search_term_string}\"},\"query-input\":{\"@type\":\"PropertyValueSpecification\",\"valueRequired\":true,\"valueName\":\"search_term_string\"}}],\"inLanguage\":\"fr-FR\"},{\"@type\":\"Organization\",\"@id\":\"https:\/\/exterminationdesmonts.ca\/fr\/#organization\",\"name\":\"Extermination Des Monts\",\"url\":\"https:\/\/exterminationdesmonts.ca\/fr\/\",\"logo\":{\"@type\":\"ImageObject\",\"inLanguage\":\"fr-FR\",\"@id\":\"https:\/\/exterminationdesmonts.ca\/fr\/#\/schema\/logo\/image\/\",\"url\":\"https:\/\/exterminationdesmonts.ca\/wp-content\/uploads\/2017\/04\/top_logo.jpg\",\"contentUrl\":\"https:\/\/exterminationdesmonts.ca\/wp-content\/uploads\/2017\/04\/top_logo.jpg\",\"width\":300,\"height\":150,\"caption\":\"Extermination Des Monts\"},\"image\":{\"@id\":\"https:\/\/exterminationdesmonts.ca\/fr\/#\/schema\/logo\/image\/\"}}]}<\/script>\n<!-- \/ Yoast SEO plugin. -->","yoast_head_json":{"title":"R\u00c9SEAU PR\u00c9VENTIF EXT\u00c9RIEUR CONTRE RONGEURS - Extermination Des Monts","robots":{"index":"index","follow":"follow","max-snippet":"max-snippet:-1","max-image-preview":"max-image-preview:large","max-video-preview":"max-video-preview:-1"},"canonical":"https:\/\/exterminationdesmonts.ca\/fr\/reseau-preventif-exterieur-contre-rongeurs\/","og_locale":"fr_FR","og_type":"article","og_title":"R\u00c9SEAU PR\u00c9VENTIF EXT\u00c9RIEUR CONTRE RONGEURS - Extermination Des Monts","og_description":"SOURIS Obtenez 25\u00a0milles Des conditions s\u2019appliquent Les souris aiment bien s\u2019installer dans les greniers pour se prot\u00e9ger de notre froid hivernal. Notre r\u00e9seau pr\u00e9ventif dispos\u00e9 \u00e0 l\u2019ext\u00e9rieur de votre r\u00e9sidence&nbsp;[&hellip;]","og_url":"https:\/\/exterminationdesmonts.ca\/fr\/reseau-preventif-exterieur-contre-rongeurs\/","og_site_name":"Extermination Des Monts","article_modified_time":"2026-04-07T19:29:40+00:00","og_image":[{"url":"https:\/\/exterminationdesmonts.ca\/wp-content\/uploads\/2020\/04\/banner_rodentprev.jpg","type":"","width":"","height":""}],"twitter_card":"summary_large_image","schema":{"@context":"https:\/\/schema.org","@graph":[{"@type":"WebPage","@id":"https:\/\/exterminationdesmonts.ca\/fr\/reseau-preventif-exterieur-contre-rongeurs\/","url":"https:\/\/exterminationdesmonts.ca\/fr\/reseau-preventif-exterieur-contre-rongeurs\/","name":"R\u00c9SEAU PR\u00c9VENTIF EXT\u00c9RIEUR CONTRE RONGEURS - Extermination Des Monts","isPartOf":{"@id":"https:\/\/exterminationdesmonts.ca\/fr\/#website"},"primaryImageOfPage":{"@id":"https:\/\/exterminationdesmonts.ca\/fr\/reseau-preventif-exterieur-contre-rongeurs\/#primaryimage"},"image":{"@id":"https:\/\/exterminationdesmonts.ca\/fr\/reseau-preventif-exterieur-contre-rongeurs\/#primaryimage"},"thumbnailUrl":"https:\/\/exterminationdesmonts.ca\/wp-content\/uploads\/2020\/04\/banner_rodentprev.jpg","datePublished":"2020-04-14T15:21:21+00:00","dateModified":"2026-04-07T19:29:40+00:00","breadcrumb":{"@id":"https:\/\/exterminationdesmonts.ca\/fr\/reseau-preventif-exterieur-contre-rongeurs\/#breadcrumb"},"inLanguage":"fr-FR","potentialAction":[{"@type":"ReadAction","target":["https:\/\/exterminationdesmonts.ca\/fr\/reseau-preventif-exterieur-contre-rongeurs\/"]}]},{"@type":"ImageObject","inLanguage":"fr-FR","@id":"https:\/\/exterminationdesmonts.ca\/fr\/reseau-preventif-exterieur-contre-rongeurs\/#primaryimage","url":"https:\/\/exterminationdesmonts.ca\/wp-content\/uploads\/2020\/04\/banner_rodentprev.jpg","contentUrl":"https:\/\/exterminationdesmonts.ca\/wp-content\/uploads\/2020\/04\/banner_rodentprev.jpg"},{"@type":"BreadcrumbList","@id":"https:\/\/exterminationdesmonts.ca\/fr\/reseau-preventif-exterieur-contre-rongeurs\/#breadcrumb","itemListElement":[{"@type":"ListItem","position":1,"name":"Home","item":"https:\/\/exterminationdesmonts.ca\/fr\/home\/"},{"@type":"ListItem","position":2,"name":"R\u00c9SEAU PR\u00c9VENTIF EXT\u00c9RIEUR CONTRE RONGEURS"}]},{"@type":"WebSite","@id":"https:\/\/exterminationdesmonts.ca\/fr\/#website","url":"https:\/\/exterminationdesmonts.ca\/fr\/","name":"Extermination Des Monts","description":"Extermination and Bug Control","publisher":{"@id":"https:\/\/exterminationdesmonts.ca\/fr\/#organization"},"potentialAction":[{"@type":"SearchAction","target":{"@type":"EntryPoint","urlTemplate":"https:\/\/exterminationdesmonts.ca\/fr\/?s={search_term_string}"},"query-input":{"@type":"PropertyValueSpecification","valueRequired":true,"valueName":"search_term_string"}}],"inLanguage":"fr-FR"},{"@type":"Organization","@id":"https:\/\/exterminationdesmonts.ca\/fr\/#organization","name":"Extermination Des Monts","url":"https:\/\/exterminationdesmonts.ca\/fr\/","logo":{"@type":"ImageObject","inLanguage":"fr-FR","@id":"https:\/\/exterminationdesmonts.ca\/fr\/#\/schema\/logo\/image\/","url":"https:\/\/exterminationdesmonts.ca\/wp-content\/uploads\/2017\/04\/top_logo.jpg","contentUrl":"https:\/\/exterminationdesmonts.ca\/wp-content\/uploads\/2017\/04\/top_logo.jpg","width":300,"height":150,"caption":"Extermination Des Monts"},"image":{"@id":"https:\/\/exterminationdesmonts.ca\/fr\/#\/schema\/logo\/image\/"}}]}},"_links":{"self":[{"href":"https:\/\/exterminationdesmonts.ca\/fr\/wp-json\/wp\/v2\/pages\/136","targetHints":{"allow":["GET"]}}],"collection":[{"href":"https:\/\/exterminationdesmonts.ca\/fr\/wp-json\/wp\/v2\/pages"}],"about":[{"href":"https:\/\/exterminationdesmonts.ca\/fr\/wp-json\/wp\/v2\/types\/page"}],"author":[{"embeddable":true,"href":"https:\/\/exterminationdesmonts.ca\/fr\/wp-json\/wp\/v2\/users\/1"}],"replies":[{"embeddable":true,"href":"https:\/\/exterminationdesmonts.ca\/fr\/wp-json\/wp\/v2\/comments?post=136"}],"version-history":[{"count":2,"href":"https:\/\/exterminationdesmonts.ca\/fr\/wp-json\/wp\/v2\/pages\/136\/revisions"}],"predecessor-version":[{"id":310,"href":"https:\/\/exterminationdesmonts.ca\/fr\/wp-json\/wp\/v2\/pages\/136\/revisions\/310"}],"wp:attachment":[{"href":"https:\/\/exterminationdesmonts.ca\/fr\/wp-json\/wp\/v2\/media?parent=136"}],"curies":[{"name":"wp","href":"https:\/\/api.w.org\/{rel}","templated":true}]}}