{"id":34,"date":"2017-04-05T14:28:52","date_gmt":"2017-04-05T18:28:52","guid":{"rendered":"http:\/\/exterminationdesmonts.ca\/?page_id=34\/"},"modified":"2026-04-07T15:29:39","modified_gmt":"2026-04-07T19:29:39","slug":"nous-joindre","status":"publish","type":"page","link":"https:\/\/exterminationdesmonts.ca\/fr\/nous-joindre\/","title":{"rendered":"NOUS JOINDRE"},"content":{"rendered":"<div id=\"dslc-content\" class=\"dslc-content dslc-clearfix\"><div id=\"dslc-main\">\n\t\t<div  class=\"dslc-modules-section  dslc-full \" style=\"margin-bottom:41px;padding-bottom:0px;padding-top:0px;\" data-section-id=\"39485cd252c\">\n\t\t\t\t\n\t\t\t\t\n\t\t\t\t<div class=\"dslc-modules-section-wrapper dslc-clearfix\"><div class=\"dslc-modules-area dslc-col dslc-12-col dslc-last-col\" data-size=\"12\" data-valign=\"\">\n\t\t<div id=\"dslc-module-6b65e6f9c4a\" class=\"dslc-module-front dslc-module-DSLC_Image dslc-in-viewport-check dslc-in-viewport-anim-none  dslc-col dslc-12-col dslc-last-col  dslc-module-handle-like-regular \" data-module-id=\"6b65e6f9c4a\" data-module=\"DSLC_Image\" data-dslc-module-size=\"12\" data-dslc-anim=\"none\" data-dslc-anim-delay=\"0\" data-dslc-anim-duration=\"650\"  data-dslc-anim-easing=\"ease\" data-dslc-preset=\"none\" >\n\n\t\t\t\n\t\t\t\n\t\t\t\t<div class=\"dslc-image-container\">\r\n\t\t<div class=\"dslc-image\">\r\n\r\n\t\t\t\r\n\t\t\t\t\r\n\t\t\t\t\t\t\t\t\t<img src=\"https:\/\/exterminationdesmonts.ca\/wp-content\/uploads\/2017\/04\/banner_contact.jpg\" alt=\"\" title=\"\" srcset=\"https:\/\/exterminationdesmonts.ca\/wp-content\/uploads\/2017\/04\/banner_contact.jpg 1920w, https:\/\/exterminationdesmonts.ca\/wp-content\/uploads\/2017\/04\/banner_contact-300x47.jpg 300w, https:\/\/exterminationdesmonts.ca\/wp-content\/uploads\/2017\/04\/banner_contact-768x120.jpg 768w, https:\/\/exterminationdesmonts.ca\/wp-content\/uploads\/2017\/04\/banner_contact-1024x160.jpg 1024w, https:\/\/exterminationdesmonts.ca\/wp-content\/uploads\/2017\/04\/banner_contact-680x106.jpg 680w, https:\/\/exterminationdesmonts.ca\/wp-content\/uploads\/2017\/04\/banner_contact-540x84.jpg 540w\" sizes=\"(max-width: 1920px) 100vw, 1920px\" \/>\r\n\t\t\t\t\r\n\t\t\t\t\t\t\t\t\t<\/div><!-- .dslc-image -->\r\n\t\t<\/div>\r\n\t\t\n\t\t\t\t<\/div><!-- .dslc-module -->\n\t\t<\/div><\/div><\/div>\n\t\t<div  class=\"dslc-modules-section \" style=\"margin-bottom:41px;padding-bottom:0px;padding-top:0px;\" data-section-id=\"848035a4d72\">\n\t\t\t\t\n\t\t\t\t\n\t\t\t\t<div class=\"dslc-modules-section-wrapper dslc-clearfix\"><div class=\"dslc-modules-area dslc-col dslc-4-col dslc-first-col\" data-size=\"4\" data-valign=\"\">\n\t\t<div id=\"dslc-module-7fadc911933\" class=\"dslc-module-front dslc-module-DSLC_Text_Simple dslc-in-viewport-check dslc-in-viewport-anim-none  dslc-col dslc-12-col dslc-last-col  dslc-module-handle-like-regular \" data-module-id=\"7fadc911933\" data-module=\"DSLC_Text_Simple\" data-dslc-module-size=\"12\" data-dslc-anim=\"none\" data-dslc-anim-delay=\"0\" data-dslc-anim-duration=\"650\"  data-dslc-anim-easing=\"ease\" data-dslc-preset=\"none\" >\n\n\t\t\t\n\t\t\t\n\t\t\r\n\t\t<div class=\"dslc-text-module-content\">\r\n\t\t\t<h1>NOUS JOINDRE<\/h1><p><strong>EXTERMINATION DES MONTS<\/strong><br>638, rue des Bouleaux<br>Piedmont, Qu\u00e9bec<br>J0R 1K0<\/p><p>T\u00e9l\u00e9phone: 450 227-0997<br>T\u00e9l\u00e9phone: 819 774-0854<br>Sans frais: 1-888-398-3722<br><br>Courriel: <strong><a href=\"mailto:info@ircae.ca\">info@ircae.ca<\/a><\/strong><br><br><\/p>\t\t<\/div>\r\n\r\n\t\t\n\t\t\t\t<\/div><!-- .dslc-module -->\n\t\t<\/div><div class=\"dslc-modules-area dslc-col dslc-8-col dslc-last-col\" data-size=\"8\" data-valign=\"\">\n\t\t<div id=\"dslc-module-8406808ebda\" class=\"dslc-module-front dslc-module-DSLC_Text_Simple dslc-in-viewport-check dslc-in-viewport-anim-none  dslc-col dslc-12-col dslc-last-col  dslc-module-handle-like-regular \" data-module-id=\"8406808ebda\" data-module=\"DSLC_Text_Simple\" data-dslc-module-size=\"12\" data-dslc-anim=\"none\" data-dslc-anim-delay=\"0\" data-dslc-anim-duration=\"650\"  data-dslc-anim-easing=\"ease\" data-dslc-preset=\"none\" >\n\n\t\t\t\n\t\t\t\n\t\t\r\n\t\t<div class=\"dslc-text-module-content\">\r\n\t\t\t<br><br><br>\t\t<\/div>\r\n\r\n\t\t\n\t\t\t\t<\/div><!-- .dslc-module -->\n\t\t\n\t\t<div id=\"dslc-module-3kjtob2ecr\" class=\"dslc-module-front dslc-module-DSLC_Text_Simple dslc-in-viewport-check dslc-in-viewport-anim-none  dslc-col dslc-12-col dslc-last-col  dslc-module-handle-like-regular \" data-module-id=\"3kjtob2ecr\" data-module=\"DSLC_Text_Simple\" data-dslc-module-size=\"12\" data-dslc-anim=\"none\" data-dslc-anim-delay=\"0\" data-dslc-anim-duration=\"650\"  data-dslc-anim-easing=\"ease\" data-dslc-preset=\"none\" >\n\n\t\t\t\n\t\t\t\n\t\t\r\n\t\t<div class=\"dslc-text-module-content\">\r\n\t\t\t\n<div class=\"wpcf7 no-js\" id=\"wpcf7-f6-o2\" lang=\"en-US\" dir=\"ltr\" data-wpcf7-id=\"6\">\n<div class=\"screen-reader-response\"><p role=\"status\" aria-live=\"polite\" aria-atomic=\"true\"><\/p> <ul><\/ul><\/div>\n<form action=\"\/fr\/wp-json\/wp\/v2\/pages\/34#wpcf7-f6-o2\" method=\"post\" class=\"wpcf7-form init\" aria-label=\"Contact form\" novalidate=\"novalidate\" data-status=\"init\">\n<fieldset class=\"hidden-fields-container\"><input type=\"hidden\" name=\"_wpcf7\" value=\"6\" \/><input type=\"hidden\" name=\"_wpcf7_version\" value=\"6.1.5\" \/><input type=\"hidden\" name=\"_wpcf7_locale\" value=\"en_US\" \/><input type=\"hidden\" name=\"_wpcf7_unit_tag\" value=\"wpcf7-f6-o2\" \/><input type=\"hidden\" name=\"_wpcf7_container_post\" value=\"0\" \/><input type=\"hidden\" name=\"_wpcf7_posted_data_hash\" value=\"\" \/>\n<\/fieldset>\n<p><label> Votre nom (requis)<br \/>\n<span class=\"wpcf7-form-control-wrap\" data-name=\"your-name\"><input size=\"40\" maxlength=\"400\" class=\"wpcf7-form-control wpcf7-text wpcf7-validates-as-required\" aria-required=\"true\" aria-invalid=\"false\" value=\"\" type=\"text\" name=\"your-name\" \/><\/span> <\/label>\n<\/p>\n<p><label> Votre courriel (requis)<br \/>\n<span class=\"wpcf7-form-control-wrap\" data-name=\"your-email\"><input size=\"40\" maxlength=\"400\" class=\"wpcf7-form-control wpcf7-email wpcf7-validates-as-required wpcf7-text wpcf7-validates-as-email\" aria-required=\"true\" aria-invalid=\"false\" value=\"\" type=\"email\" name=\"your-email\" \/><\/span> <\/label>\n<\/p>\n<p><label> Sujet<br \/>\n<span class=\"wpcf7-form-control-wrap\" data-name=\"your-subject\"><input size=\"40\" maxlength=\"400\" class=\"wpcf7-form-control wpcf7-text\" aria-invalid=\"false\" value=\"\" type=\"text\" name=\"your-subject\" \/><\/span> <\/label>\n<\/p>\n<p><label> Votre message<br \/>\n<span class=\"wpcf7-form-control-wrap\" data-name=\"your-message\"><textarea cols=\"40\" rows=\"10\" maxlength=\"2000\" class=\"wpcf7-form-control wpcf7-textarea\" aria-invalid=\"false\" name=\"your-message\"><\/textarea><\/span> <\/label>\n<\/p>\n<p><input type=\"hidden\" name=\"_wpcf7_captcha_challenge_captcha-849\" value=\"4196147248\" \/><img class=\"wpcf7-form-control wpcf7-captchac wpcf7-captcha-captcha-849\" width=\"84\" height=\"28\" alt=\"captcha\" src=\"https:\/\/exterminationdesmonts.ca\/wp-content\/uploads\/wpcf7_captcha\/4196147248.png\" \/><span class=\"wpcf7-form-control-wrap\" data-name=\"captcha-849\"><input size=\"40\" class=\"wpcf7-form-control wpcf7-captchar captcha-small\" autocomplete=\"off\" aria-invalid=\"false\" value=\"\" type=\"text\" name=\"captcha-849\" \/><\/span>\n<\/p>\n<p><input class=\"wpcf7-form-control wpcf7-submit has-spinner\" type=\"submit\" value=\"Envoyer\" \/>\n<\/p><div class=\"wpcf7-response-output\" aria-hidden=\"true\"><\/div>\n<\/form>\n<\/div>\n\t\t<\/div>\r\n\r\n\t\t\n\t\t\t\t<\/div><!-- .dslc-module -->\n\t\t<\/div><\/div><\/div>\n\t\t<div  class=\"dslc-modules-section \" style=\"\" data-section-id=\"c6a082883ce\">\n\t\t\t\t\n\t\t\t\t\n\t\t\t\t<div class=\"dslc-modules-section-wrapper dslc-clearfix\"><div class=\"dslc-modules-area dslc-col dslc-12-col dslc-last-col\" data-size=\"12\" data-valign=\"\">\n\t\t<div id=\"dslc-module-be1e351c246\" class=\"dslc-module-front dslc-module-DSLC_Text_Simple dslc-in-viewport-check dslc-in-viewport-anim-none  dslc-col dslc-12-col dslc-last-col  dslc-module-handle-like-regular \" data-module-id=\"be1e351c246\" data-module=\"DSLC_Text_Simple\" data-dslc-module-size=\"12\" data-dslc-anim=\"none\" data-dslc-anim-delay=\"0\" data-dslc-anim-duration=\"650\"  data-dslc-anim-easing=\"ease\" data-dslc-preset=\"none\" >\n\n\t\t\t\n\t\t\t\n\t\t\r\n\t\t<div class=\"dslc-text-module-content\">\r\n\t\t\t<h1 style=\"text-align: center;\">SUCCURSALES<\/h1>\t\t<\/div>\r\n\r\n\t\t\n\t\t\t\t<\/div><!-- .dslc-module -->\n\t\t\n\t\t<div id=\"dslc-module-f1c317fa7d9\" class=\"dslc-module-front dslc-module-DSLC_Image dslc-in-viewport-check dslc-in-viewport-anim-none  dslc-col dslc-12-col dslc-last-col  dslc-module-handle-like-regular \" data-module-id=\"f1c317fa7d9\" data-module=\"DSLC_Image\" data-dslc-module-size=\"12\" data-dslc-anim=\"none\" data-dslc-anim-delay=\"0\" data-dslc-anim-duration=\"650\"  data-dslc-anim-easing=\"ease\" data-dslc-preset=\"none\" >\n\n\t\t\t\n\t\t\t\n\t\t\t\t<div class=\"dslc-image-container\">\r\n\t\t<div class=\"dslc-image\">\r\n\r\n\t\t\t\r\n\t\t\t\t\r\n\t\t\t\t\t\t\t\t\t<a class=\"\" href=\"http:\/\/exterminationwestisland.com\/fr\/\" target=\"_blank\"  >\r\n\t\t\t\t\t\t\t\t\t<img src=\"https:\/\/exterminationdesmonts.ca\/wp-content\/uploads\/2017\/04\/banner_logos-1.jpg\" alt=\"\" title=\"\" srcset=\"https:\/\/exterminationdesmonts.ca\/wp-content\/uploads\/2017\/04\/banner_logos-1.jpg 1170w, https:\/\/exterminationdesmonts.ca\/wp-content\/uploads\/2017\/04\/banner_logos-1-300x41.jpg 300w, https:\/\/exterminationdesmonts.ca\/wp-content\/uploads\/2017\/04\/banner_logos-1-768x105.jpg 768w, https:\/\/exterminationdesmonts.ca\/wp-content\/uploads\/2017\/04\/banner_logos-1-1024x140.jpg 1024w, https:\/\/exterminationdesmonts.ca\/wp-content\/uploads\/2017\/04\/banner_logos-1-680x93.jpg 680w, https:\/\/exterminationdesmonts.ca\/wp-content\/uploads\/2017\/04\/banner_logos-1-540x74.jpg 540w\" sizes=\"(max-width: 1170px) 100vw, 1170px\" \/>\r\n\t\t\t\t\t\t\t\t\t<\/a>\r\n\t\t\t\t\r\n\t\t\t\t\t\t\t\t\t<\/div><!-- .dslc-image -->\r\n\t\t<\/div>\r\n\t\t\n\t\t\t\t<\/div><!-- .dslc-module -->\n\t\t<\/div><\/div><\/div><\/div><\/div>","protected":false},"excerpt":{"rendered":"<p>NOUS JOINDREEXTERMINATION DES MONTS638, rue des BouleauxPiedmont, Qu\u00e9becJ0R 1K0T\u00e9l\u00e9phone: 450 227-0997T\u00e9l\u00e9phone: 819 774-0854Sans frais: 1-888-398-3722Courriel: info@ircae.ca Votre nom (requis) Votre courriel (requis) Sujet Votre message SUCCURSALES<\/p>\n","protected":false},"author":1,"featured_media":0,"parent":0,"menu_order":0,"comment_status":"closed","ping_status":"closed","template":"page-templates\/page_builder.php","meta":{"footnotes":""},"class_list":["post-34","page","type-page","status-publish","hentry","clearfix"],"yoast_head":"<!-- This site is optimized with the Yoast SEO plugin v26.8 - https:\/\/yoast.com\/product\/yoast-seo-wordpress\/ -->\n<title>NOUS JOINDRE - Extermination Des Monts<\/title>\n<meta name=\"robots\" content=\"index, follow, max-snippet:-1, max-image-preview:large, max-video-preview:-1\" \/>\n<link rel=\"canonical\" href=\"https:\/\/exterminationdesmonts.ca\/fr\/nous-joindre\/\" \/>\n<meta property=\"og:locale\" content=\"fr_FR\" \/>\n<meta property=\"og:type\" content=\"article\" \/>\n<meta property=\"og:title\" content=\"NOUS JOINDRE - Extermination Des Monts\" \/>\n<meta property=\"og:description\" content=\"NOUS JOINDREEXTERMINATION DES MONTS638, rue des BouleauxPiedmont, Qu\u00e9becJ0R 1K0T\u00e9l\u00e9phone: 450 227-0997T\u00e9l\u00e9phone: 819 774-0854Sans frais: 1-888-398-3722Courriel: info@ircae.ca Votre nom (requis) Votre courriel (requis) Sujet Votre message SUCCURSALES\" \/>\n<meta property=\"og:url\" content=\"https:\/\/exterminationdesmonts.ca\/fr\/nous-joindre\/\" \/>\n<meta property=\"og:site_name\" content=\"Extermination Des Monts\" \/>\n<meta property=\"article:modified_time\" content=\"2026-04-07T19:29:39+00:00\" \/>\n<meta property=\"og:image\" content=\"https:\/\/exterminationdesmonts.ca\/wp-content\/uploads\/2017\/04\/banner_contact.jpg\" \/>\n<meta name=\"twitter:card\" content=\"summary_large_image\" \/>\n<script type=\"application\/ld+json\" class=\"yoast-schema-graph\">{\"@context\":\"https:\/\/schema.org\",\"@graph\":[{\"@type\":\"WebPage\",\"@id\":\"https:\/\/exterminationdesmonts.ca\/fr\/nous-joindre\/\",\"url\":\"https:\/\/exterminationdesmonts.ca\/fr\/nous-joindre\/\",\"name\":\"NOUS JOINDRE - Extermination Des Monts\",\"isPartOf\":{\"@id\":\"https:\/\/exterminationdesmonts.ca\/fr\/#website\"},\"primaryImageOfPage\":{\"@id\":\"https:\/\/exterminationdesmonts.ca\/fr\/nous-joindre\/#primaryimage\"},\"image\":{\"@id\":\"https:\/\/exterminationdesmonts.ca\/fr\/nous-joindre\/#primaryimage\"},\"thumbnailUrl\":\"https:\/\/exterminationdesmonts.ca\/wp-content\/uploads\/2017\/04\/banner_contact.jpg\",\"datePublished\":\"2017-04-05T18:28:52+00:00\",\"dateModified\":\"2026-04-07T19:29:39+00:00\",\"breadcrumb\":{\"@id\":\"https:\/\/exterminationdesmonts.ca\/fr\/nous-joindre\/#breadcrumb\"},\"inLanguage\":\"fr-FR\",\"potentialAction\":[{\"@type\":\"ReadAction\",\"target\":[\"https:\/\/exterminationdesmonts.ca\/fr\/nous-joindre\/\"]}]},{\"@type\":\"ImageObject\",\"inLanguage\":\"fr-FR\",\"@id\":\"https:\/\/exterminationdesmonts.ca\/fr\/nous-joindre\/#primaryimage\",\"url\":\"https:\/\/exterminationdesmonts.ca\/wp-content\/uploads\/2017\/04\/banner_contact.jpg\",\"contentUrl\":\"https:\/\/exterminationdesmonts.ca\/wp-content\/uploads\/2017\/04\/banner_contact.jpg\"},{\"@type\":\"BreadcrumbList\",\"@id\":\"https:\/\/exterminationdesmonts.ca\/fr\/nous-joindre\/#breadcrumb\",\"itemListElement\":[{\"@type\":\"ListItem\",\"position\":1,\"name\":\"Home\",\"item\":\"https:\/\/exterminationdesmonts.ca\/fr\/home\/\"},{\"@type\":\"ListItem\",\"position\":2,\"name\":\"NOUS JOINDRE\"}]},{\"@type\":\"WebSite\",\"@id\":\"https:\/\/exterminationdesmonts.ca\/fr\/#website\",\"url\":\"https:\/\/exterminationdesmonts.ca\/fr\/\",\"name\":\"Extermination Des Monts\",\"description\":\"Extermination and Bug Control\",\"publisher\":{\"@id\":\"https:\/\/exterminationdesmonts.ca\/fr\/#organization\"},\"potentialAction\":[{\"@type\":\"SearchAction\",\"target\":{\"@type\":\"EntryPoint\",\"urlTemplate\":\"https:\/\/exterminationdesmonts.ca\/fr\/?s={search_term_string}\"},\"query-input\":{\"@type\":\"PropertyValueSpecification\",\"valueRequired\":true,\"valueName\":\"search_term_string\"}}],\"inLanguage\":\"fr-FR\"},{\"@type\":\"Organization\",\"@id\":\"https:\/\/exterminationdesmonts.ca\/fr\/#organization\",\"name\":\"Extermination Des Monts\",\"url\":\"https:\/\/exterminationdesmonts.ca\/fr\/\",\"logo\":{\"@type\":\"ImageObject\",\"inLanguage\":\"fr-FR\",\"@id\":\"https:\/\/exterminationdesmonts.ca\/fr\/#\/schema\/logo\/image\/\",\"url\":\"https:\/\/exterminationdesmonts.ca\/wp-content\/uploads\/2017\/04\/top_logo.jpg\",\"contentUrl\":\"https:\/\/exterminationdesmonts.ca\/wp-content\/uploads\/2017\/04\/top_logo.jpg\",\"width\":300,\"height\":150,\"caption\":\"Extermination Des Monts\"},\"image\":{\"@id\":\"https:\/\/exterminationdesmonts.ca\/fr\/#\/schema\/logo\/image\/\"}}]}<\/script>\n<!-- \/ Yoast SEO plugin. -->","yoast_head_json":{"title":"NOUS JOINDRE - Extermination Des Monts","robots":{"index":"index","follow":"follow","max-snippet":"max-snippet:-1","max-image-preview":"max-image-preview:large","max-video-preview":"max-video-preview:-1"},"canonical":"https:\/\/exterminationdesmonts.ca\/fr\/nous-joindre\/","og_locale":"fr_FR","og_type":"article","og_title":"NOUS JOINDRE - Extermination Des Monts","og_description":"NOUS JOINDREEXTERMINATION DES MONTS638, rue des BouleauxPiedmont, Qu\u00e9becJ0R 1K0T\u00e9l\u00e9phone: 450 227-0997T\u00e9l\u00e9phone: 819 774-0854Sans frais: 1-888-398-3722Courriel: info@ircae.ca Votre nom (requis) Votre courriel (requis) Sujet Votre message SUCCURSALES","og_url":"https:\/\/exterminationdesmonts.ca\/fr\/nous-joindre\/","og_site_name":"Extermination Des Monts","article_modified_time":"2026-04-07T19:29:39+00:00","og_image":[{"url":"https:\/\/exterminationdesmonts.ca\/wp-content\/uploads\/2017\/04\/banner_contact.jpg","type":"","width":"","height":""}],"twitter_card":"summary_large_image","schema":{"@context":"https:\/\/schema.org","@graph":[{"@type":"WebPage","@id":"https:\/\/exterminationdesmonts.ca\/fr\/nous-joindre\/","url":"https:\/\/exterminationdesmonts.ca\/fr\/nous-joindre\/","name":"NOUS JOINDRE - Extermination Des Monts","isPartOf":{"@id":"https:\/\/exterminationdesmonts.ca\/fr\/#website"},"primaryImageOfPage":{"@id":"https:\/\/exterminationdesmonts.ca\/fr\/nous-joindre\/#primaryimage"},"image":{"@id":"https:\/\/exterminationdesmonts.ca\/fr\/nous-joindre\/#primaryimage"},"thumbnailUrl":"https:\/\/exterminationdesmonts.ca\/wp-content\/uploads\/2017\/04\/banner_contact.jpg","datePublished":"2017-04-05T18:28:52+00:00","dateModified":"2026-04-07T19:29:39+00:00","breadcrumb":{"@id":"https:\/\/exterminationdesmonts.ca\/fr\/nous-joindre\/#breadcrumb"},"inLanguage":"fr-FR","potentialAction":[{"@type":"ReadAction","target":["https:\/\/exterminationdesmonts.ca\/fr\/nous-joindre\/"]}]},{"@type":"ImageObject","inLanguage":"fr-FR","@id":"https:\/\/exterminationdesmonts.ca\/fr\/nous-joindre\/#primaryimage","url":"https:\/\/exterminationdesmonts.ca\/wp-content\/uploads\/2017\/04\/banner_contact.jpg","contentUrl":"https:\/\/exterminationdesmonts.ca\/wp-content\/uploads\/2017\/04\/banner_contact.jpg"},{"@type":"BreadcrumbList","@id":"https:\/\/exterminationdesmonts.ca\/fr\/nous-joindre\/#breadcrumb","itemListElement":[{"@type":"ListItem","position":1,"name":"Home","item":"https:\/\/exterminationdesmonts.ca\/fr\/home\/"},{"@type":"ListItem","position":2,"name":"NOUS JOINDRE"}]},{"@type":"WebSite","@id":"https:\/\/exterminationdesmonts.ca\/fr\/#website","url":"https:\/\/exterminationdesmonts.ca\/fr\/","name":"Extermination Des Monts","description":"Extermination and Bug Control","publisher":{"@id":"https:\/\/exterminationdesmonts.ca\/fr\/#organization"},"potentialAction":[{"@type":"SearchAction","target":{"@type":"EntryPoint","urlTemplate":"https:\/\/exterminationdesmonts.ca\/fr\/?s={search_term_string}"},"query-input":{"@type":"PropertyValueSpecification","valueRequired":true,"valueName":"search_term_string"}}],"inLanguage":"fr-FR"},{"@type":"Organization","@id":"https:\/\/exterminationdesmonts.ca\/fr\/#organization","name":"Extermination Des Monts","url":"https:\/\/exterminationdesmonts.ca\/fr\/","logo":{"@type":"ImageObject","inLanguage":"fr-FR","@id":"https:\/\/exterminationdesmonts.ca\/fr\/#\/schema\/logo\/image\/","url":"https:\/\/exterminationdesmonts.ca\/wp-content\/uploads\/2017\/04\/top_logo.jpg","contentUrl":"https:\/\/exterminationdesmonts.ca\/wp-content\/uploads\/2017\/04\/top_logo.jpg","width":300,"height":150,"caption":"Extermination Des Monts"},"image":{"@id":"https:\/\/exterminationdesmonts.ca\/fr\/#\/schema\/logo\/image\/"}}]}},"_links":{"self":[{"href":"https:\/\/exterminationdesmonts.ca\/fr\/wp-json\/wp\/v2\/pages\/34","targetHints":{"allow":["GET"]}}],"collection":[{"href":"https:\/\/exterminationdesmonts.ca\/fr\/wp-json\/wp\/v2\/pages"}],"about":[{"href":"https:\/\/exterminationdesmonts.ca\/fr\/wp-json\/wp\/v2\/types\/page"}],"author":[{"embeddable":true,"href":"https:\/\/exterminationdesmonts.ca\/fr\/wp-json\/wp\/v2\/users\/1"}],"replies":[{"embeddable":true,"href":"https:\/\/exterminationdesmonts.ca\/fr\/wp-json\/wp\/v2\/comments?post=34"}],"version-history":[{"count":2,"href":"https:\/\/exterminationdesmonts.ca\/fr\/wp-json\/wp\/v2\/pages\/34\/revisions"}],"predecessor-version":[{"id":305,"href":"https:\/\/exterminationdesmonts.ca\/fr\/wp-json\/wp\/v2\/pages\/34\/revisions\/305"}],"wp:attachment":[{"href":"https:\/\/exterminationdesmonts.ca\/fr\/wp-json\/wp\/v2\/media?parent=34"}],"curies":[{"name":"wp","href":"https:\/\/api.w.org\/{rel}","templated":true}]}}